{"id":8210,"date":"2025-07-03T10:30:09","date_gmt":"2025-07-03T15:30:09","guid":{"rendered":"https:\/\/prebel.com\/?page_id=8210"},"modified":"2025-07-22T11:32:45","modified_gmt":"2025-07-22T16:32:45","slug":"proposito","status":"publish","type":"page","link":"https:\/\/prebel.com\/en\/proposito\/","title":{"rendered":"Purpose"},"content":{"rendered":"<div data-elementor-type=\"wp-page\" data-elementor-id=\"8210\" class=\"elementor elementor-8210\" data-elementor-post-type=\"page\">\n\t\t\t\t<div class=\"elementor-element elementor-element-490621f e-con-full e-flex e-con e-parent\" data-id=\"490621f\" data-element_type=\"container\" data-e-type=\"container\" data-settings=\"{&quot;jet_parallax_layout_list&quot;:[]}\">\n\t\t<div class=\"elementor-element elementor-element-659ce6f e-con-full e-flex e-con e-child\" data-id=\"659ce6f\" data-element_type=\"container\" data-e-type=\"container\" data-settings=\"{&quot;jet_parallax_layout_list&quot;:[]}\">\n\t\t\t\t<div class=\"elementor-element elementor-element-b5ff333 elementor--h-position-center elementor--v-position-middle elementor-widget elementor-widget-slides\" data-id=\"b5ff333\" data-element_type=\"widget\" data-e-type=\"widget\" data-settings=\"{&quot;navigation&quot;:&quot;none&quot;,&quot;transition&quot;:&quot;fade&quot;,&quot;transition_speed&quot;:700,&quot;autoplay&quot;:&quot;yes&quot;,&quot;pause_on_hover&quot;:&quot;yes&quot;,&quot;pause_on_interaction&quot;:&quot;yes&quot;,&quot;autoplay_speed&quot;:5000,&quot;infinite&quot;:&quot;yes&quot;}\" data-widget_type=\"slides.default\">\n\t\t\t\t\t\t\t\t\t\t<div class=\"elementor-slides-wrapper elementor-main-swiper swiper\" role=\"region\" aria-roledescription=\"carousel\" aria-label=\"Slider Principal\" dir=\"ltr\" data-animation=\"\">\n\t\t\t\t<div class=\"swiper-wrapper elementor-slides\">\n\t\t\t\t\t\t\t\t\t\t<div class=\"elementor-repeater-item-cb8c812 swiper-slide\" role=\"group\" aria-roledescription=\"slide\"><div class=\"swiper-slide-bg\" role=\"img\" aria-label=\"01_PREBEL_Proposito_WOMAN_Banner\"><\/div><div class=\"elementor-background-overlay\"><\/div><div class=\"swiper-slide-inner\" ><div class=\"swiper-slide-contents\"><div class=\"elementor-slide-heading\">Our Higher Purpose<\/div><div class=\"elementor-slide-description\">We Beautify Lives<\/div><\/div><\/div><\/div>\t\t\t\t<\/div>\n\t\t\t\t\t\t\t<\/div>\n\t\t\t\t\t\t\t\t<\/div>\n\t\t<div class=\"elementor-element elementor-element-df6e33d e-con-full e-flex e-con e-child\" data-id=\"df6e33d\" data-element_type=\"container\" data-e-type=\"container\" data-settings=\"{&quot;background_background&quot;:&quot;classic&quot;,&quot;jet_parallax_layout_list&quot;:[]}\">\n\t\t<div class=\"elementor-element elementor-element-75b441c e-con-full e-flex e-con e-child\" data-id=\"75b441c\" data-element_type=\"container\" data-e-type=\"container\" data-settings=\"{&quot;jet_parallax_layout_list&quot;:[]}\">\n\t\t\t\t<div class=\"elementor-element elementor-element-48333a3 elementor-widget__width-initial elementor-widget elementor-widget-text-editor\" data-id=\"48333a3\" data-element_type=\"widget\" data-e-type=\"widget\" data-widget_type=\"text-editor.default\">\n\t\t\t\t\t\t\t\t\t<p class=\"p1\">At PREBEL, we believe that beauty is not just an industry: it is a way to generate well-being, confidence, and transformation.<\/p><p class=\"p1\">Our higher purpose, \"To Beautify Lives,\" guides every decision, every development, and every relationship we build.<\/p><p class=\"p1\">It drives us to create a human, inclusive, and collaborative work environment, where the quality of life and growth of our employees are as important as the products we bring to market.<\/p><p class=\"p1\">To beautify means to care. It means innovating with intention, manufacturing with excellence, and delivering solutions that connect with real people, in their daily rituals, in their most personal moments.<\/p><p class=\"p1\">This purpose goes beyond products. It is present in the way we work, lead, serve, and grow, both with our clients and with society.<\/p><p class=\"p1\">Because when we beautify lives, we also contribute to improving the world we share.<\/p>\t\t\t\t\t\t\t\t<\/div>\n\t\t\t\t<\/div>\n\t\t\t\t<\/div>\n\t\t\t\t<\/div>\n\t\t\t\t<\/div>\n\t\t<div class=\"elementor-element elementor-element-94bd186 e-flex e-con-boxed e-con e-parent\" data-id=\"94bd186\" data-element_type=\"container\" data-e-type=\"container\" data-settings=\"{&quot;jet_parallax_layout_list&quot;:[]}\">\n\t\t\t\t\t<div class=\"e-con-inner\">\n\t\t<div class=\"elementor-element elementor-element-1006325 e-con-full e-flex e-con e-child\" data-id=\"1006325\" data-element_type=\"container\" data-e-type=\"container\" data-settings=\"{&quot;jet_parallax_layout_list&quot;:[]}\">\n\t\t\t\t<div class=\"elementor-element elementor-element-ece3e45 elementor--h-position-center elementor--v-position-middle elementor-widget elementor-widget-slides\" data-id=\"ece3e45\" data-element_type=\"widget\" data-e-type=\"widget\" data-settings=\"{&quot;navigation&quot;:&quot;none&quot;,&quot;transition&quot;:&quot;fade&quot;,&quot;transition_speed&quot;:700,&quot;autoplay&quot;:&quot;yes&quot;,&quot;pause_on_hover&quot;:&quot;yes&quot;,&quot;pause_on_interaction&quot;:&quot;yes&quot;,&quot;autoplay_speed&quot;:5000,&quot;infinite&quot;:&quot;yes&quot;}\" data-widget_type=\"slides.default\">\n\t\t\t\t\t\t\t\t\t\t<div class=\"elementor-slides-wrapper elementor-main-swiper swiper\" role=\"region\" aria-roledescription=\"carousel\" aria-label=\"Slider Principal\" dir=\"ltr\" data-animation=\"\">\n\t\t\t\t<div class=\"swiper-wrapper elementor-slides\">\n\t\t\t\t\t\t\t\t\t\t<div class=\"elementor-repeater-item-cb8c812 swiper-slide\" role=\"group\" aria-roledescription=\"slide\"><div class=\"swiper-slide-bg\" role=\"img\" aria-label=\"PREBEL_Compromiso_contacto\"><\/div><div class=\"elementor-background-overlay\"><\/div><a class=\"swiper-slide-inner\" href=\"https:\/\/prebel.com\/en\/#contacto\"><div class=\"swiper-slide-contents\"><div class=\"elementor-slide-description\">Want to know which solution best fits your needs? <\/div><div  class=\"elementor-button elementor-slide-button elementor-size-md\">Contact us<\/div><\/div><\/a><\/div>\t\t\t\t<\/div>\n\t\t\t\t\t\t\t<\/div>\n\t\t\t\t\t\t\t\t<\/div>\n\t\t\t\t<\/div>\n\t\t\t\t\t<\/div>\n\t\t\t\t<\/div>\n\t\t\t\t<\/div>","protected":false},"excerpt":{"rendered":"<p>Nuestro Prop\u00f3sito Superior:Embellecemos Vidas. En PREBEL, creemos que la belleza no es solo una industria: es una forma de generar bienestar, confianza y transformaci\u00f3n. Nuestro prop\u00f3sito superior \u201cEmbellecer Vidas\u201d, gu\u00eda cada decisi\u00f3n, cada desarrollo y cada relaci\u00f3n que construimos. Nos impulsa a crear un entorno laboral humano, incluyente y colaborativo, donde la calidad de vida [&hellip;]<\/p>\n","protected":false},"author":5,"featured_media":0,"parent":0,"menu_order":0,"comment_status":"closed","ping_status":"closed","template":"","meta":{"footnotes":""},"class_list":["post-8210","page","type-page","status-publish","hentry"],"aioseo_notices":[],"_links":{"self":[{"href":"https:\/\/prebel.com\/en\/wp-json\/wp\/v2\/pages\/8210","targetHints":{"allow":["GET"]}}],"collection":[{"href":"https:\/\/prebel.com\/en\/wp-json\/wp\/v2\/pages"}],"about":[{"href":"https:\/\/prebel.com\/en\/wp-json\/wp\/v2\/types\/page"}],"author":[{"embeddable":true,"href":"https:\/\/prebel.com\/en\/wp-json\/wp\/v2\/users\/5"}],"replies":[{"embeddable":true,"href":"https:\/\/prebel.com\/en\/wp-json\/wp\/v2\/comments?post=8210"}],"version-history":[{"count":37,"href":"https:\/\/prebel.com\/en\/wp-json\/wp\/v2\/pages\/8210\/revisions"}],"predecessor-version":[{"id":9611,"href":"https:\/\/prebel.com\/en\/wp-json\/wp\/v2\/pages\/8210\/revisions\/9611"}],"wp:attachment":[{"href":"https:\/\/prebel.com\/en\/wp-json\/wp\/v2\/media?parent=8210"}],"curies":[{"name":"wp","href":"https:\/\/api.w.org\/{rel}","templated":true}]}}