{"id":9946,"date":"2025-12-22T11:34:51","date_gmt":"2025-12-22T16:34:51","guid":{"rendered":"https:\/\/prebel.com\/?page_id=9946"},"modified":"2026-03-03T09:06:50","modified_gmt":"2026-03-03T14:06:50","slug":"exorevage-anti-aging-cream","status":"publish","type":"page","link":"https:\/\/prebel.com\/en\/exorevage-anti-aging-cream\/","title":{"rendered":"exorevage-anti-aging-cream"},"content":{"rendered":"<div data-elementor-type=\"wp-page\" data-elementor-id=\"9946\" class=\"elementor elementor-9946\" data-elementor-post-type=\"page\">\n\t\t\t\t<div class=\"elementor-element elementor-element-490621f e-con-full e-flex e-con e-parent\" data-id=\"490621f\" data-element_type=\"container\" data-e-type=\"container\" data-settings=\"{&quot;jet_parallax_layout_list&quot;:[]}\">\n\t\t<div class=\"elementor-element elementor-element-659ce6f e-con-full e-flex e-con e-child\" data-id=\"659ce6f\" data-element_type=\"container\" data-e-type=\"container\" data-settings=\"{&quot;jet_parallax_layout_list&quot;:[]}\">\n\t\t\t\t<div class=\"elementor-element elementor-element-ba758da elementor--h-position-center elementor--v-position-middle elementor-widget elementor-widget-slides\" data-id=\"ba758da\" data-element_type=\"widget\" data-e-type=\"widget\" data-settings=\"{&quot;navigation&quot;:&quot;none&quot;,&quot;transition&quot;:&quot;fade&quot;,&quot;transition_speed&quot;:700,&quot;autoplay&quot;:&quot;yes&quot;,&quot;pause_on_hover&quot;:&quot;yes&quot;,&quot;pause_on_interaction&quot;:&quot;yes&quot;,&quot;autoplay_speed&quot;:5000,&quot;infinite&quot;:&quot;yes&quot;}\" data-widget_type=\"slides.default\">\n\t\t\t\t\t\t\t\t\t\t<div class=\"elementor-slides-wrapper elementor-main-swiper swiper\" role=\"region\" aria-roledescription=\"carousel\" aria-label=\"Slider Principal\" dir=\"ltr\" data-animation=\"\">\n\t\t\t\t<div class=\"swiper-wrapper elementor-slides\">\n\t\t\t\t\t\t\t\t\t\t<div class=\"elementor-repeater-item-cb8c812 swiper-slide\" role=\"group\" aria-roledescription=\"slide\"><div class=\"swiper-slide-bg\" role=\"img\" aria-label=\"EXORAVE_cica-banner2\"><\/div><div class=\"elementor-background-overlay\"><\/div><div class=\"swiper-slide-inner\" ><div class=\"swiper-slide-contents\"><div class=\"elementor-slide-description\"><img fetchpriority=\"high\" src=\"https:\/\/prebel.com\/wp-content\/uploads\/2026\/01\/CICA_LOGO3.png\"\" width=\"400\" height=\"200\"<strong><br>ANTI-AGING REGENERATING CREAM FACE &amp; NECK<\/strong><\/br>\n<\/div><div  class=\"elementor-button elementor-slide-button elementor-size-md\">Patent-pending technology<\/div><\/div><\/div><\/div>\t\t\t\t<\/div>\n\t\t\t\t\t\t\t<\/div>\n\t\t\t\t\t\t\t\t<\/div>\n\t\t\t\t<\/div>\n\t\t\t\t<\/div>\n\t\t<div class=\"elementor-element elementor-element-cf49460 e-flex e-con-boxed e-con e-parent\" data-id=\"cf49460\" data-element_type=\"container\" data-e-type=\"container\" data-settings=\"{&quot;background_background&quot;:&quot;classic&quot;,&quot;jet_parallax_layout_list&quot;:[]}\">\n\t\t\t\t\t<div class=\"e-con-inner\">\n\t\t\t\t<div class=\"elementor-element elementor-element-60b954a elementor-widget elementor-widget-text-editor\" data-id=\"60b954a\" data-element_type=\"widget\" data-e-type=\"widget\" data-widget_type=\"text-editor.default\">\n\t\t\t\t\t\t\t\t\t<ul><li>Concentration and particle size determination by Nanosight.<\/li><li>Analysis by Nanosight and Scanning Electron Microscopy (SEM).<\/li><li>Antioxidant capacity assay using DPPH (2,2-diphenyl-1-picrylhydrazyl).<\/li><li>Ensayos <em>in vitro<\/em> en fibroblastos d\u00e9rmicos humanos (HDF).<\/li><li>In vivo <em>were conducted<\/em> realizado en 20 sujetos.<\/li><\/ul>\t\t\t\t\t\t\t\t<\/div>\n\t\t\t\t<div class=\"elementor-element elementor-element-f940b72 elementor-widget__width-initial elementor-widget elementor-widget-heading\" data-id=\"f940b72\" data-element_type=\"widget\" data-e-type=\"widget\" data-widget_type=\"heading.default\">\n\t\t\t\t\t<h1 class=\"elementor-heading-title elementor-size-default\">Additional Marketing Claims<\/h1>\t\t\t\t<\/div>\n\t\t\t\t<div class=\"elementor-element elementor-element-682ad4b elementor-widget elementor-widget-text-editor\" data-id=\"682ad4b\" data-element_type=\"widget\" data-e-type=\"widget\" data-widget_type=\"text-editor.default\">\n\t\t\t\t\t\t\t\t\t<ul> \n \t<li>Paraben-free<\/li>\n \t<li>Cruelty-free<\/li>\n \t<li>Vegan<\/li>\n \t<li>Dermatologically tested fragrance*<\/li>\n \t<li>Powered by functionalized plant exosomes<\/li>\n \t<li>Contains plant-based peptides<\/li>\n \t<li>Formulated with liquid crystal-forming emulsifiers that biomimetically replicate the skin's lipid architecture<\/li>\n \t<li>Sanitary airless packaging prevents oxidation and minimizes contact with air<\/li>\n \t<li>Rich and nourishing cream, non-greasy, quickly absorbed, with a \u201csecond skin\u201d effect<\/li>\n<\/ul>\n*Fragrance evaluated under dermatological criteria.\t\t\t\t\t\t\t\t<\/div>\n\t\t<div class=\"elementor-element elementor-element-1df4ad7 e-con-full e-flex e-con e-child\" data-id=\"1df4ad7\" data-element_type=\"container\" data-e-type=\"container\" data-settings=\"{&quot;jet_parallax_layout_list&quot;:[]}\">\n\t\t<div class=\"elementor-element elementor-element-b90f0b6 e-flex e-con-boxed e-con e-child\" data-id=\"b90f0b6\" data-element_type=\"container\" data-e-type=\"container\" data-settings=\"{&quot;jet_parallax_layout_list&quot;:[]}\">\n\t\t\t\t\t<div class=\"e-con-inner\">\n\t\t<div class=\"elementor-element elementor-element-b96f4ad e-flex e-con-boxed e-con e-child\" data-id=\"b96f4ad\" data-element_type=\"container\" data-e-type=\"container\" data-settings=\"{&quot;jet_parallax_layout_list&quot;:[]}\">\n\t\t\t\t\t<div class=\"e-con-inner\">\n\t\t\t\t<div class=\"elementor-element elementor-element-bf491d8 elementor-widget__width-initial elementor-widget elementor-widget-heading\" data-id=\"bf491d8\" data-element_type=\"widget\" data-e-type=\"widget\" data-widget_type=\"heading.default\">\n\t\t\t\t\t<h1 class=\"elementor-heading-title elementor-size-default\">Description<\/h1>\t\t\t\t<\/div>\n\t\t<div class=\"elementor-element elementor-element-4ea51e9 e-con-full e-flex e-con e-child\" data-id=\"4ea51e9\" data-element_type=\"container\" data-e-type=\"container\" data-settings=\"{&quot;jet_parallax_layout_list&quot;:[]}\">\n\t\t<div class=\"elementor-element elementor-element-41441d6 e-con-full e-flex e-con e-child\" data-id=\"41441d6\" data-element_type=\"container\" data-e-type=\"container\" data-settings=\"{&quot;jet_parallax_layout_list&quot;:[]}\">\n\t\t<div class=\"elementor-element elementor-element-f37d6ff e-con-full e-flex e-con e-child\" data-id=\"f37d6ff\" data-element_type=\"container\" data-e-type=\"container\" data-settings=\"{&quot;jet_parallax_layout_list&quot;:[]}\">\n\t\t<div class=\"elementor-element elementor-element-2e59a53 e-con-full e-flex e-con e-child\" data-id=\"2e59a53\" data-element_type=\"container\" data-e-type=\"container\" data-settings=\"{&quot;jet_parallax_layout_list&quot;:[]}\">\n\t\t\t\t<div class=\"elementor-element elementor-element-11a8a39 elementor-widget elementor-widget-text-editor\" data-id=\"11a8a39\" data-element_type=\"widget\" data-e-type=\"widget\" data-widget_type=\"text-editor.default\">\n\t\t\t\t\t\t\t\t\t<p><strong>ANTI-AGING REGENERATING CREAM FACE &amp; NECK<\/strong> This cream is designed to prevent the appearance of visible signs of skin aging. It revitalizes the skin and helps reduce wrinkles and expression lines, providing greater firmness and elasticity to both the face and neck.<\/p><p>It is powered by <strong>EXOREVAGE<sup>\u00a0<\/sup> CICA<\/strong>*, a patent-pending technology based on functionalized plant exosomes derived from Curcuma longa. <em>Centella asiatica<\/em>Inspired by ancestral botanical traditions and developed through green biotechnology, this technology extracts exosomes from plant stem cell platforms and functionalizes them to enhance their bioactivity and targeted performance. Integrated with the mineral legacy of precious pearl and optimized with biomimetic plant squalane, EXOREVAGE<sup>\u00a0<\/sup> CICA offers a non-invasive, needle-free approach to advanced skincare.<\/p>\t\t\t\t\t\t\t\t<\/div>\n\t\t\t\t<\/div>\n\t\t\t\t<\/div>\n\t\t<div class=\"elementor-element elementor-element-afeed32 e-con-full e-flex e-con e-child\" data-id=\"afeed32\" data-element_type=\"container\" data-e-type=\"container\" data-settings=\"{&quot;jet_parallax_layout_list&quot;:[]}\">\n\t\t\t\t<div class=\"elementor-element elementor-element-b3cc141 elementor-widget elementor-widget-image\" data-id=\"b3cc141\" data-element_type=\"widget\" data-e-type=\"widget\" data-widget_type=\"image.default\">\n\t\t\t\t\t\t\t\t\t\t\t\t\t\t\t<img decoding=\"async\" width=\"800\" height=\"438\" src=\"https:\/\/prebel.com\/wp-content\/uploads\/2026\/01\/CICA_Benefits2-1024x560.jpg\" class=\"attachment-large size-large wp-image-10835\" alt=\"\" srcset=\"https:\/\/prebel.com\/wp-content\/uploads\/2026\/01\/CICA_Benefits2-1024x560.jpg 1024w, https:\/\/prebel.com\/wp-content\/uploads\/2026\/01\/CICA_Benefits2-300x164.jpg 300w, https:\/\/prebel.com\/wp-content\/uploads\/2026\/01\/CICA_Benefits2-768x420.jpg 768w, https:\/\/prebel.com\/wp-content\/uploads\/2026\/01\/CICA_Benefits2-1536x840.jpg 1536w, https:\/\/prebel.com\/wp-content\/uploads\/2026\/01\/CICA_Benefits2-18x10.jpg 18w, https:\/\/prebel.com\/wp-content\/uploads\/2026\/01\/CICA_Benefits2.jpg 1600w\" sizes=\"(max-width: 800px) 100vw, 800px\" \/>\t\t\t\t\t\t\t\t\t\t\t\t\t\t\t<\/div>\n\t\t\t\t<\/div>\n\t\t\t\t<\/div>\n\t\t\t\t<\/div>\n\t\t\t\t\t<\/div>\n\t\t\t\t<\/div>\n\t\t\t\t<div class=\"elementor-element elementor-element-bacc44c elementor-widget elementor-widget-text-editor\" data-id=\"bacc44c\" data-element_type=\"widget\" data-e-type=\"widget\" data-widget_type=\"text-editor.default\">\n\t\t\t\t\t\t\t\t\t<p>Unlike conventional plant exosomes, EXOREVAGE<sup>\u00a0<\/sup> CICA incorporates a structural modification that includes:<\/p><ul><li><strong>Squalane<\/strong>Acts as a lipid permeation enhancer, integrated into the exosomal membranes to optimize cellular fusion and promote a more efficient release of bioactives.<\/li><li><strong>Ionic Calcium Cofactors:<\/strong>Sourced from precious pearl, these modulate the surface charge of the exosomes, facilitating the formation of coordination complexes with cellular receptors and membranes.<\/li><\/ul><p>This modification improves selective affinity with skin cells and enhances exosome-cell interaction, establishing an intelligent biomimetic delivery system that promotes cellular regeneration and refines skin texture.<\/p><p>*The registered trademark may not be used without written authorization from PREBEL.<\/p>\t\t\t\t\t\t\t\t<\/div>\n\t\t\t\t<div class=\"elementor-element elementor-element-c47b18c elementor-widget elementor-widget-heading\" data-id=\"c47b18c\" data-element_type=\"widget\" data-e-type=\"widget\" data-widget_type=\"heading.default\">\n\t\t\t\t\t<h3 class=\"elementor-heading-title elementor-size-default\">Texture<\/h3>\t\t\t\t<\/div>\n\t\t\t\t<div class=\"elementor-element elementor-element-0a86073 elementor-widget elementor-widget-text-editor\" data-id=\"0a86073\" data-element_type=\"widget\" data-e-type=\"widget\" data-widget_type=\"text-editor.default\">\n\t\t\t\t\t\t\t\t\t<p>A rich and nourishing, non-greasy cream with a smooth consistency and rapid absorption. It provides long-lasting hydration, protection, and nourishment, offering an enveloping \"second-skin\" sensation.<\/p>\t\t\t\t\t\t\t\t<\/div>\n\t\t\t\t<div class=\"elementor-element elementor-element-40ecaf8 elementor-widget elementor-widget-heading\" data-id=\"40ecaf8\" data-element_type=\"widget\" data-e-type=\"widget\" data-widget_type=\"heading.default\">\n\t\t\t\t\t<h3 class=\"elementor-heading-title elementor-size-default\">Claims enabled by EXOREVAGE<sup>\u00a0<\/sup> CICA<\/h3>\t\t\t\t<\/div>\n\t\t\t\t<div class=\"elementor-element elementor-element-719e3d4 elementor-widget elementor-widget-text-editor\" data-id=\"719e3d4\" data-element_type=\"widget\" data-e-type=\"widget\" data-widget_type=\"text-editor.default\">\n\t\t\t\t\t\t\t\t\t<ul><li>Up to <strong>2 billion functionalized CICA plant exosomes per mL of product<\/strong> (1).<\/li><li>The plant exosomes in EXOREVAGE<sup>\u00a0<\/sup> CICA are functionalized\u2014modified to offer greater stability and a more uniform structure compared to conventional CICA exosomes (2).<\/li><li>Up to <strong>20% higher antioxidant capacity<\/strong> vs. conventional CICA exosomes (3).<\/li><li>Up to <strong>72% acceleration of the skin recovery process<\/strong> compared to the basal control, with an effect comparable to dermal growth factors (4).<\/li><li>Significant increase in firmness by up to <strong>19%<\/strong> after 56 days and elasticity by up to <strong>8%<\/strong> (5).<\/li><li>Comprehensive rejuvenating effect with overall improvement in six parameters:<ul><li>Up to 78% reduction in wrinkles<\/li><li>Up to 51% reduction in roughness<\/li><li>Up to 65% reduction in pores<\/li><li>Up to 30% reduction in spots<\/li><li>Up to 63% reduction in red spots (cross-polarized light)<\/li><li>Hasta 57% reducci\u00f3n de porfirinas (luz UV) (5)<\/li><\/ul><\/li><li>More efficient release of bioactive compounds thanks to the integration of squalane into exosomal membranes.<\/li><li>Afinidad selectiva mejorada con c\u00e9lulas cut\u00e1neas objetivo, derivada de la modulaci\u00f3n de la carga superficial mediante iones de calcio provenientes de perla preciosa.<\/li><\/ul>\t\t\t\t\t\t\t\t<\/div>\n\t\t\t\t<div class=\"elementor-element elementor-element-172e01c elementor-widget elementor-widget-heading\" data-id=\"172e01c\" data-element_type=\"widget\" data-e-type=\"widget\" data-widget_type=\"heading.default\">\n\t\t\t\t\t<h3 class=\"elementor-heading-title elementor-size-default\">Technical Support:<\/h3>\t\t\t\t<\/div>\n\t\t\t\t\t<\/div>\n\t\t\t\t<\/div>\n\t\t\t\t<\/div>\n\t\t\t\t<div class=\"elementor-element elementor-element-a1255e2 elementor-widget__width-initial elementor-widget elementor-widget-heading\" data-id=\"a1255e2\" data-element_type=\"widget\" data-e-type=\"widget\" data-widget_type=\"heading.default\">\n\t\t\t\t\t<h1 class=\"elementor-heading-title elementor-size-default\">Directions for Use<\/h1>\t\t\t\t<\/div>\n\t\t\t\t<div class=\"elementor-element elementor-element-5030e8d elementor-widget elementor-widget-text-editor\" data-id=\"5030e8d\" data-element_type=\"widget\" data-e-type=\"widget\" data-widget_type=\"text-editor.default\">\n\t\t\t\t\t\t\t\t\t<p><strong>Application<\/strong><\/p><p>Place both thumbs on the applicator of the container and press firmly until the system is activated. Then, press the upper pump completely to dispense the cream.<\/p><p>Apply to the face and neck, morning and night.<\/p>\t\t\t\t\t\t\t\t<\/div>\n\t\t\t\t\t<\/div>\n\t\t\t\t<\/div>\n\t\t<div class=\"elementor-element elementor-element-ff6da74 e-flex e-con-boxed e-con e-parent\" data-id=\"ff6da74\" data-element_type=\"container\" data-e-type=\"container\" data-settings=\"{&quot;jet_parallax_layout_list&quot;:[]}\">\n\t\t\t\t\t<div class=\"e-con-inner\">\n\t\t\t\t<div class=\"elementor-element elementor-element-73e694c elementor-widget elementor-widget-heading\" data-id=\"73e694c\" data-element_type=\"widget\" data-e-type=\"widget\" data-widget_type=\"heading.default\">\n\t\t\t\t\t<h2 class=\"elementor-heading-title elementor-size-default\">Images<\/h2>\t\t\t\t<\/div>\n\t\t\t\t<div class=\"elementor-element elementor-element-6743679 elementor-skin-carousel elementor-arrows-yes elementor-pagination-type-bullets elementor-pagination-position-outside elementor-widget elementor-widget-media-carousel\" data-id=\"6743679\" data-element_type=\"widget\" data-e-type=\"widget\" data-settings=\"{&quot;skin&quot;:&quot;carousel&quot;,&quot;effect&quot;:&quot;slide&quot;,&quot;show_arrows&quot;:&quot;yes&quot;,&quot;pagination&quot;:&quot;bullets&quot;,&quot;speed&quot;:500,&quot;space_between&quot;:{&quot;unit&quot;:&quot;px&quot;,&quot;size&quot;:10,&quot;sizes&quot;:[]},&quot;space_between_laptop&quot;:{&quot;unit&quot;:&quot;px&quot;,&quot;size&quot;:10,&quot;sizes&quot;:[]},&quot;space_between_tablet&quot;:{&quot;unit&quot;:&quot;px&quot;,&quot;size&quot;:10,&quot;sizes&quot;:[]},&quot;space_between_mobile&quot;:{&quot;unit&quot;:&quot;px&quot;,&quot;size&quot;:10,&quot;sizes&quot;:[]}}\" data-widget_type=\"media-carousel.default\">\n\t\t\t\t\t\t\t\t\t\t<div class=\"elementor-main-swiper swiper\" role=\"region\" aria-roledescription=\"carousel\" aria-label=\"Diapositivas\">\n\t\t\t\t<div class=\"swiper-wrapper\">\n\t\t\t\t\t\t\t\t\t\t\t<div class=\"swiper-slide\" role=\"group\" aria-roledescription=\"slide\">\n\t\t\t\t\t\t\t\t\t<div class=\"elementor-carousel-image\" role=\"img\" aria-label=\"CICA_Product1\" style=\"background-image: url(&#039;https:\/\/prebel.com\/wp-content\/uploads\/2026\/01\/CICA_Product1.jpg&#039;)\">\n\n\t\t\t\n\t\t\t\t\t<\/div>\n\t\t\t\t\t\t\t\t<\/div>\n\t\t\t\t\t\t\t\t\t\t\t<div class=\"swiper-slide\" role=\"group\" aria-roledescription=\"slide\">\n\t\t\t\t\t\t\t\t\t<div class=\"elementor-carousel-image\" role=\"img\" aria-label=\"CICA_Product3\" style=\"background-image: url(&#039;https:\/\/prebel.com\/wp-content\/uploads\/2026\/01\/CICA_Product3.jpg&#039;)\">\n\n\t\t\t\n\t\t\t\t\t<\/div>\n\t\t\t\t\t\t\t\t<\/div>\n\t\t\t\t\t\t\t\t\t\t\t<div class=\"swiper-slide\" role=\"group\" aria-roledescription=\"slide\">\n\t\t\t\t\t\t\t\t\t<div class=\"elementor-carousel-image\" role=\"img\" aria-label=\"CICA_Product4\" style=\"background-image: url(&#039;https:\/\/prebel.com\/wp-content\/uploads\/2026\/01\/CICA_Product4.jpg&#039;)\">\n\n\t\t\t\n\t\t\t\t\t<\/div>\n\t\t\t\t\t\t\t\t<\/div>\n\t\t\t\t\t\t\t\t\t\t\t<div class=\"swiper-slide\" role=\"group\" aria-roledescription=\"slide\">\n\t\t\t\t\t\t\t\t\t<div class=\"elementor-carousel-image\" role=\"img\" aria-label=\"CICA_Product5\" style=\"background-image: url(&#039;https:\/\/prebel.com\/wp-content\/uploads\/2026\/01\/CICA_Product5.jpg&#039;)\">\n\n\t\t\t\n\t\t\t\t\t<\/div>\n\t\t\t\t\t\t\t\t<\/div>\n\t\t\t\t\t\t\t\t\t\t\t<div class=\"swiper-slide\" role=\"group\" aria-roledescription=\"slide\">\n\t\t\t\t\t\t\t\t\t<div class=\"elementor-carousel-image\" role=\"img\" aria-label=\"cream-packaging2\" style=\"background-image: url(&#039;https:\/\/prebel.com\/wp-content\/uploads\/2026\/01\/cream-packaging2.jpg&#039;)\">\n\n\t\t\t\n\t\t\t\t\t<\/div>\n\t\t\t\t\t\t\t\t<\/div>\n\t\t\t\t\t\t\t\t\t<\/div>\n\t\t\t\t\t\t\t\t\t\t\t\t\t\t\t<div class=\"elementor-swiper-button elementor-swiper-button-prev\" role=\"button\" tabindex=\"0\" aria-label=\"Previous\">\n\t\t\t\t\t\t\t<svg aria-hidden=\"true\" class=\"e-font-icon-svg e-eicon-chevron-left\" viewbox=\"0 0 1000 1000\" xmlns=\"http:\/\/www.w3.org\/2000\/svg\"><path d=\"M646 125C629 125 613 133 604 142L308 442C296 454 292 471 292 487 292 504 296 521 308 533L604 854C617 867 629 875 646 875 663 875 679 871 692 858 704 846 713 829 713 812 713 796 708 779 692 767L438 487 692 225C700 217 708 204 708 187 708 171 704 154 692 142 675 129 663 125 646 125Z\"><\/path><\/svg>\t\t\t\t\t\t<\/div>\n\t\t\t\t\t\t<div class=\"elementor-swiper-button elementor-swiper-button-next\" role=\"button\" tabindex=\"0\" aria-label=\"Next\">\n\t\t\t\t\t\t\t<svg aria-hidden=\"true\" class=\"e-font-icon-svg e-eicon-chevron-right\" viewbox=\"0 0 1000 1000\" xmlns=\"http:\/\/www.w3.org\/2000\/svg\"><path d=\"M696 533C708 521 713 504 713 487 713 471 708 454 696 446L400 146C388 133 375 125 354 125 338 125 325 129 313 142 300 154 292 171 292 187 292 204 296 221 308 233L563 492 304 771C292 783 288 800 288 817 288 833 296 850 308 863 321 871 338 875 354 875 371 875 388 867 400 854L696 533Z\"><\/path><\/svg>\t\t\t\t\t\t<\/div>\n\t\t\t\t\t\t\t\t\t\t\t\t\t\t\t\t<div class=\"swiper-pagination\"><\/div>\n\t\t\t\t\t\t\t\t\t\t\t\t<\/div>\n\t\t\t\t\t\t\t\t<\/div>\n\t\t\t\t\t<\/div>\n\t\t\t\t<\/div>\n\t\t<div class=\"elementor-element elementor-element-3c3b1cb e-con-full e-flex e-con e-child\" data-id=\"3c3b1cb\" data-element_type=\"container\" data-e-type=\"container\" data-settings=\"{&quot;jet_parallax_layout_list&quot;:[]}\">\n\t\t\t\t<div class=\"elementor-element elementor-element-1c889de elementor--h-position-center elementor--v-position-middle elementor-widget elementor-widget-slides\" data-id=\"1c889de\" data-element_type=\"widget\" data-e-type=\"widget\" data-settings=\"{&quot;navigation&quot;:&quot;none&quot;,&quot;transition&quot;:&quot;fade&quot;,&quot;transition_speed&quot;:700,&quot;autoplay&quot;:&quot;yes&quot;,&quot;pause_on_hover&quot;:&quot;yes&quot;,&quot;pause_on_interaction&quot;:&quot;yes&quot;,&quot;autoplay_speed&quot;:5000,&quot;infinite&quot;:&quot;yes&quot;}\" data-widget_type=\"slides.default\">\n\t\t\t\t\t\t\t\t\t\t<div class=\"elementor-slides-wrapper elementor-main-swiper swiper\" role=\"region\" aria-roledescription=\"carousel\" aria-label=\"Slider Principal\" dir=\"ltr\" data-animation=\"\">\n\t\t\t\t<div class=\"swiper-wrapper elementor-slides\">\n\t\t\t\t\t\t\t\t\t\t<div class=\"elementor-repeater-item-cb8c812 swiper-slide\" role=\"group\" aria-roledescription=\"slide\"><div class=\"swiper-slide-bg\" role=\"img\" aria-label=\"CICA_Banner_low\"><\/div><div class=\"swiper-slide-inner\" ><div class=\"swiper-slide-contents\"><\/div><\/div><\/div>\t\t\t\t<\/div>\n\t\t\t\t\t\t\t<\/div>\n\t\t\t\t\t\t\t\t<\/div>\n\t\t\t\t<\/div>\n\t\t\t\t<\/div>","protected":false},"excerpt":{"rendered":"","protected":false},"author":1,"featured_media":0,"parent":0,"menu_order":0,"comment_status":"closed","ping_status":"closed","template":"","meta":{"footnotes":""},"class_list":["post-9946","page","type-page","status-publish","hentry"],"aioseo_notices":[],"_links":{"self":[{"href":"https:\/\/prebel.com\/en\/wp-json\/wp\/v2\/pages\/9946","targetHints":{"allow":["GET"]}}],"collection":[{"href":"https:\/\/prebel.com\/en\/wp-json\/wp\/v2\/pages"}],"about":[{"href":"https:\/\/prebel.com\/en\/wp-json\/wp\/v2\/types\/page"}],"author":[{"embeddable":true,"href":"https:\/\/prebel.com\/en\/wp-json\/wp\/v2\/users\/1"}],"replies":[{"embeddable":true,"href":"https:\/\/prebel.com\/en\/wp-json\/wp\/v2\/comments?post=9946"}],"version-history":[{"count":136,"href":"https:\/\/prebel.com\/en\/wp-json\/wp\/v2\/pages\/9946\/revisions"}],"predecessor-version":[{"id":12163,"href":"https:\/\/prebel.com\/en\/wp-json\/wp\/v2\/pages\/9946\/revisions\/12163"}],"wp:attachment":[{"href":"https:\/\/prebel.com\/en\/wp-json\/wp\/v2\/media?parent=9946"}],"curies":[{"name":"wp","href":"https:\/\/api.w.org\/{rel}","templated":true}]}}