{"id":10133,"date":"2025-12-27T18:28:07","date_gmt":"2025-12-27T23:28:07","guid":{"rendered":"https:\/\/prebel.com\/?page_id=10133"},"modified":"2026-03-03T09:54:32","modified_gmt":"2026-03-03T14:54:32","slug":"exorevage-regenerative_eyelash_serum","status":"publish","type":"page","link":"https:\/\/prebel.com\/es\/exorevage-regenerative_eyelash_serum\/","title":{"rendered":"exorevage-regenerative_eyelash_serum\/"},"content":{"rendered":"\t\t<div data-elementor-type=\"wp-page\" data-elementor-id=\"10133\" class=\"elementor elementor-10133\" data-elementor-post-type=\"page\">\n\t\t\t\t<div class=\"elementor-element elementor-element-490621f e-con-full e-flex e-con e-parent\" data-id=\"490621f\" data-element_type=\"container\" data-e-type=\"container\" data-settings=\"{&quot;jet_parallax_layout_list&quot;:[]}\">\n\t\t<div class=\"elementor-element elementor-element-659ce6f e-con-full e-flex e-con e-child\" data-id=\"659ce6f\" data-element_type=\"container\" data-e-type=\"container\" data-settings=\"{&quot;jet_parallax_layout_list&quot;:[]}\">\n\t\t\t\t<div class=\"elementor-element elementor-element-a9032de elementor--h-position-center elementor--v-position-middle elementor-widget elementor-widget-slides\" data-id=\"a9032de\" data-element_type=\"widget\" data-e-type=\"widget\" data-settings=\"{&quot;navigation&quot;:&quot;none&quot;,&quot;transition&quot;:&quot;fade&quot;,&quot;transition_speed&quot;:700,&quot;autoplay&quot;:&quot;yes&quot;,&quot;pause_on_hover&quot;:&quot;yes&quot;,&quot;pause_on_interaction&quot;:&quot;yes&quot;,&quot;autoplay_speed&quot;:5000,&quot;infinite&quot;:&quot;yes&quot;}\" data-widget_type=\"slides.default\">\n\t\t\t\t\t\t\t\t\t\t<div class=\"elementor-slides-wrapper elementor-main-swiper swiper\" role=\"region\" aria-roledescription=\"carousel\" aria-label=\"Slider Principal\" dir=\"ltr\" data-animation=\"\">\n\t\t\t\t<div class=\"swiper-wrapper elementor-slides\">\n\t\t\t\t\t\t\t\t\t\t<div class=\"elementor-repeater-item-cb8c812 swiper-slide\" role=\"group\" aria-roledescription=\"slide\"><div class=\"swiper-slide-bg\" role=\"img\" aria-label=\"PRE_BANNER_INNOVATION_EXOREVAGE_curcuma_2560-1441\"><\/div><div class=\"elementor-background-overlay\"><\/div><div class=\"swiper-slide-inner\" ><div class=\"swiper-slide-contents\"><div class=\"elementor-slide-description\"><img fetchpriority=\"high\" src=https:\/\/prebel.com\/wp-content\/uploads\/2026\/01\/Curcuma_LOGO2.png\" width=\"400\" height=\"200\"<strong><\/br>REGENERATIVE EYEBROW & EYELASH SERUM \u2013 INTENSIVE BOOSTER<\/div><div  class=\"elementor-button elementor-slide-button elementor-size-md\">Tecnolog\u00eda con solicitud de patente<\/div><\/div><\/div><\/div>\t\t\t\t<\/div>\n\t\t\t\t\t\t\t<\/div>\n\t\t\t\t\t\t\t\t<\/div>\n\t\t\t\t<\/div>\n\t\t\t\t<\/div>\n\t\t<div class=\"elementor-element elementor-element-cf49460 e-flex e-con-boxed e-con e-parent\" data-id=\"cf49460\" data-element_type=\"container\" data-e-type=\"container\" data-settings=\"{&quot;background_background&quot;:&quot;classic&quot;,&quot;jet_parallax_layout_list&quot;:[]}\">\n\t\t\t\t\t<div class=\"e-con-inner\">\n\t\t<div class=\"elementor-element elementor-element-1df4ad7 e-con-full e-flex e-con e-child\" data-id=\"1df4ad7\" data-element_type=\"container\" data-e-type=\"container\" data-settings=\"{&quot;jet_parallax_layout_list&quot;:[]}\">\n\t\t<div class=\"elementor-element elementor-element-b90f0b6 e-flex e-con-boxed e-con e-child\" data-id=\"b90f0b6\" data-element_type=\"container\" data-e-type=\"container\" data-settings=\"{&quot;jet_parallax_layout_list&quot;:[]}\">\n\t\t\t\t\t<div class=\"e-con-inner\">\n\t\t\t\t<div class=\"elementor-element elementor-element-a2b9610 elementor-widget__width-initial elementor-widget elementor-widget-heading\" data-id=\"a2b9610\" data-element_type=\"widget\" data-e-type=\"widget\" data-widget_type=\"heading.default\">\n\t\t\t\t\t<h1 class=\"elementor-heading-title elementor-size-default\">Descripci\u00f3n<\/h1>\t\t\t\t<\/div>\n\t\t<div class=\"elementor-element elementor-element-9e9899e e-con-full e-flex e-con e-child\" data-id=\"9e9899e\" data-element_type=\"container\" data-e-type=\"container\" data-settings=\"{&quot;jet_parallax_layout_list&quot;:[]}\">\n\t\t<div class=\"elementor-element elementor-element-b8a07f9 e-con-full e-flex e-con e-child\" data-id=\"b8a07f9\" data-element_type=\"container\" data-e-type=\"container\" data-settings=\"{&quot;jet_parallax_layout_list&quot;:[]}\">\n\t\t<div class=\"elementor-element elementor-element-f8967bb e-con-full e-flex e-con e-child\" data-id=\"f8967bb\" data-element_type=\"container\" data-e-type=\"container\" data-settings=\"{&quot;jet_parallax_layout_list&quot;:[]}\">\n\t\t<div class=\"elementor-element elementor-element-63dc57a e-con-full e-flex e-con e-child\" data-id=\"63dc57a\" data-element_type=\"container\" data-e-type=\"container\" data-settings=\"{&quot;jet_parallax_layout_list&quot;:[]}\">\n\t\t\t\t<div class=\"elementor-element elementor-element-d5dc18c elementor-widget elementor-widget-text-editor\" data-id=\"d5dc18c\" data-element_type=\"widget\" data-e-type=\"widget\" data-widget_type=\"text-editor.default\">\n\t\t\t\t\t\t\t\t\t<p><strong>REGENERATIVE EYEBROW &amp; EYELASH SERUM \u2013 INTENSIVE BOOSTER<\/strong> es una formulaci\u00f3n avanzada dise\u00f1ada para aumentar la densidad de cejas y pesta\u00f1as. Est\u00e1 impulsada por <strong>EXOREVAGE<sup>\u00ae<\/sup> Curcuma<\/strong>*, una tecnolog\u00eda en tr\u00e1mite de patente basada en exosomas vegetales funcionalizados derivados de <em>Curcuma longa<\/em>.<\/p><p>Inspirada en la tradici\u00f3n bot\u00e1nica ancestral y desarrollada mediante biotecnolog\u00eda verde, esta tecnolog\u00eda obtiene exosomas a partir de plataformas de c\u00e9lulas madre vegetales, los cuales son posteriormente funcionalizados para potenciar su bioactividad y desempe\u00f1o dirigido. Integrada con el legado mineral de la malaquita y optimizada con escualano vegetal biomim\u00e9tico, EXOREVAGE<sup>\u00ae<\/sup> Curcuma ofrece un enfoque no invasivo y libre de agujas bajo el concepto de \u201cskinification\u201d, redefiniendo el cuidado de cejas y pesta\u00f1as al tratar los fol\u00edculos como extensiones del cuidado de la piel.<\/p>\t\t\t\t\t\t\t\t<\/div>\n\t\t\t\t<\/div>\n\t\t\t\t<\/div>\n\t\t<div class=\"elementor-element elementor-element-6fb14c9 e-con-full e-flex e-con e-child\" data-id=\"6fb14c9\" data-element_type=\"container\" data-e-type=\"container\" data-settings=\"{&quot;jet_parallax_layout_list&quot;:[]}\">\n\t\t\t\t<div class=\"elementor-element elementor-element-4a886b3 elementor-widget elementor-widget-image\" data-id=\"4a886b3\" data-element_type=\"widget\" data-e-type=\"widget\" data-widget_type=\"image.default\">\n\t\t\t\t\t\t\t\t\t\t\t\t\t\t\t<img decoding=\"async\" width=\"800\" height=\"438\" src=\"https:\/\/prebel.com\/wp-content\/uploads\/2026\/01\/Eye-lash_benefits-1024x560.jpg\" class=\"attachment-large size-large wp-image-10820\" alt=\"\" srcset=\"https:\/\/prebel.com\/wp-content\/uploads\/2026\/01\/Eye-lash_benefits-1024x560.jpg 1024w, https:\/\/prebel.com\/wp-content\/uploads\/2026\/01\/Eye-lash_benefits-300x164.jpg 300w, https:\/\/prebel.com\/wp-content\/uploads\/2026\/01\/Eye-lash_benefits-768x420.jpg 768w, https:\/\/prebel.com\/wp-content\/uploads\/2026\/01\/Eye-lash_benefits-1536x840.jpg 1536w, https:\/\/prebel.com\/wp-content\/uploads\/2026\/01\/Eye-lash_benefits-18x10.jpg 18w, https:\/\/prebel.com\/wp-content\/uploads\/2026\/01\/Eye-lash_benefits.jpg 1600w\" sizes=\"(max-width: 800px) 100vw, 800px\" \/>\t\t\t\t\t\t\t\t\t\t\t\t\t\t\t<\/div>\n\t\t\t\t<\/div>\n\t\t\t\t<\/div>\n\t\t\t\t<\/div>\n\t\t\t\t<div class=\"elementor-element elementor-element-03ff76c elementor-widget elementor-widget-text-editor\" data-id=\"03ff76c\" data-element_type=\"widget\" data-e-type=\"widget\" data-widget_type=\"text-editor.default\">\n\t\t\t\t\t\t\t\t\t<p>A diferencia de los exosomas vegetales convencionales, EXOREVAGE<sup>\u00ae<\/sup> Curcuma incorpora una modificaci\u00f3n estructural que incluye:<\/p><ul><li><strong>Escualano<\/strong>, como potenciador lip\u00eddico de permeaci\u00f3n, integrado en las membranas exosomales para optimizar la fusi\u00f3n celular y favorecer una liberaci\u00f3n m\u00e1s eficiente del contenido bioactivo.<\/li><li><strong>Cofactores i\u00f3nicos de cobre<\/strong>, provenientes de la malaquita, que modulan la carga superficial de los exosomas, permitiendo la formaci\u00f3n de complejos de coordinaci\u00f3n con receptores y membranas celulares.<\/li><\/ul><p>\u00a0<\/p><p>Esta modificaci\u00f3n proporciona mayor afinidad selectiva con las c\u00e9lulas foliculares y potencia la interacci\u00f3n exosoma-c\u00e9lula, configurando un sistema inteligente de liberaci\u00f3n biomim\u00e9tica que favorece la regeneraci\u00f3n celular, la activaci\u00f3n folicular y la longevidad del vello.<\/p><p>Es una f\u00f3rmula transparente, a base de agua y no grasa, que permite una aplicaci\u00f3n f\u00e1cil y sin grumos.<\/p><p>Cuenta con un <strong>innovador aplicador dual<\/strong>, dise\u00f1ado para facilitar una aplicaci\u00f3n m\u00e1s precisa tanto en cejas como en pesta\u00f1as.<\/p><p>*La marca registrada no puede utilizarse sin autorizaci\u00f3n escrita de PREBEL.<\/p>\t\t\t\t\t\t\t\t<\/div>\n\t\t\t\t\t<\/div>\n\t\t\t\t<\/div>\n\t\t\t\t<\/div>\n\t\t\t\t<div class=\"elementor-element elementor-element-f04846d elementor-widget elementor-widget-heading\" data-id=\"f04846d\" data-element_type=\"widget\" data-e-type=\"widget\" data-widget_type=\"heading.default\">\n\t\t\t\t\t<h3 class=\"elementor-heading-title elementor-size-default\">Textura<\/h3>\t\t\t\t<\/div>\n\t\t\t\t<div class=\"elementor-element elementor-element-89f5012 elementor-widget elementor-widget-text-editor\" data-id=\"89f5012\" data-element_type=\"widget\" data-e-type=\"widget\" data-widget_type=\"text-editor.default\">\n\t\t\t\t\t\t\t\t\t<p>F\u00f3rmula transparente, tipo gel acuoso, no grasa, que permite una aplicaci\u00f3n uniforme y sin acumulaci\u00f3n.<\/p>\t\t\t\t\t\t\t\t<\/div>\n\t\t\t\t<div class=\"elementor-element elementor-element-f8c37c5 elementor-widget elementor-widget-heading\" data-id=\"f8c37c5\" data-element_type=\"widget\" data-e-type=\"widget\" data-widget_type=\"heading.default\">\n\t\t\t\t\t<h3 class=\"elementor-heading-title elementor-size-default\">Claims habilitados por la tecnolog\u00eda EXOREVAGE<sup>\u00ae<\/sup> Curcuma<\/h3>\t\t\t\t<\/div>\n\t\t\t\t<div class=\"elementor-element elementor-element-8194f19 elementor-widget elementor-widget-text-editor\" data-id=\"8194f19\" data-element_type=\"widget\" data-e-type=\"widget\" data-widget_type=\"text-editor.default\">\n\t\t\t\t\t\t\t\t\t<ul><li>Hasta <strong>700 millones de exosomas vegetales funcionalizados de Curcuma por mL de producto<\/strong> (1).<\/li><li>Los exosomas vegetales en EXOREVAGE<sup>\u00ae<\/sup> Curcuma est\u00e1n funcionalizados, es decir, modificados para ofrecer mayor estabilidad y una estructura m\u00e1s uniforme frente a exosomas convencionales de Curcuma (2).<\/li><li>Hasta <strong>67% mayor capacidad antioxidante<\/strong> comparado con exosomas convencionales de Curcuma (3).<\/li><li>Hasta <strong>177% de incremento en la proliferaci\u00f3n de c\u00e9lulas de papila d\u00e9rmica del fol\u00edculo humano (HFDPC)<\/strong>, con efecto superior a factores clave del ciclo capilar como FGF, VEGF e IGF-1 (4).<\/li><li>Incremento de la densidad de pesta\u00f1as hasta en <strong>56%<\/strong> tras 4 meses de uso diario, e incremento de la densidad de cejas hasta en <strong>35%<\/strong> tras 4 meses de uso diario (5).<\/li><li>Liberaci\u00f3n m\u00e1s eficiente de bioactivos gracias a la integraci\u00f3n de escualano como potenciador lip\u00eddico de permeaci\u00f3n en las membranas exosomales.<\/li><li>Afinidad selectiva mejorada con c\u00e9lulas foliculares, derivada de la modulaci\u00f3n de la carga superficial mediante iones de cobre provenientes de malaquita.<\/li><\/ul>\t\t\t\t\t\t\t\t<\/div>\n\t\t\t\t<div class=\"elementor-element elementor-element-d0e05d5 elementor-widget elementor-widget-heading\" data-id=\"d0e05d5\" data-element_type=\"widget\" data-e-type=\"widget\" data-widget_type=\"heading.default\">\n\t\t\t\t\t<h3 class=\"elementor-heading-title elementor-size-default\">Soporte t\u00e9cnico:<\/h3>\t\t\t\t<\/div>\n\t\t\t\t<div class=\"elementor-element elementor-element-190053d elementor-widget elementor-widget-text-editor\" data-id=\"190053d\" data-element_type=\"widget\" data-e-type=\"widget\" data-widget_type=\"text-editor.default\">\n\t\t\t\t\t\t\t\t\t<ul><li>Determinaci\u00f3n de concentraci\u00f3n y tama\u00f1o de part\u00edcula por Nanosight.<\/li><li>An\u00e1lisis por Nanosight y Microscop\u00eda Electr\u00f3nica de Barrido (SEM).<\/li><li>Ensayo de capacidad antioxidante mediante DPPH (2,2-difenil-1-picrilhidrazilo).<\/li><li>Ensayo <em>in vitro<\/em> de proliferaci\u00f3n de c\u00e9lulas HFDPC.<\/li><li>Ensayo cl\u00ednico <em>in vivo<\/em> en 20 sujetos.<\/li><\/ul>\t\t\t\t\t\t\t\t<\/div>\n\t\t\t\t<div class=\"elementor-element elementor-element-73a8b29 elementor-widget__width-initial elementor-widget elementor-widget-heading\" data-id=\"73a8b29\" data-element_type=\"widget\" data-e-type=\"widget\" data-widget_type=\"heading.default\">\n\t\t\t\t\t<h1 class=\"elementor-heading-title elementor-size-default\">Claims adicionales de marketing<\/h1>\t\t\t\t<\/div>\n\t\t\t\t<div class=\"elementor-element elementor-element-873f719 elementor-widget elementor-widget-text-editor\" data-id=\"873f719\" data-element_type=\"widget\" data-e-type=\"widget\" data-widget_type=\"text-editor.default\">\n\t\t\t\t\t\t\t\t\t<ul><li>Libre de siliconas<\/li><li>Libre de parabenos<\/li><li>Libre de fragancia<\/li><li>Cruelty-free<\/li><li>Vegano<\/li><li>Formulado con p\u00e9ptidos y pol\u00edmero estilizador<\/li><li>Aplicador dual exclusivo para aplicaci\u00f3n m\u00e1s precisa en cejas y pesta\u00f1as<\/li><li>Incrementa la densidad de pesta\u00f1as, haci\u00e9ndolas lucir m\u00e1s abundantes y atractivas<\/li><li>Fortalece el bulbo desde la ra\u00edz, estimulando su regeneraci\u00f3n para cejas y pesta\u00f1as visiblemente m\u00e1s fuertes y largas<\/li><li>Realza la belleza natural de la mirada, aportando mayor definici\u00f3n<\/li><li>F\u00f3rmula acuosa y transparente, no grasa, de f\u00e1cil aplicaci\u00f3n<\/li><\/ul>\t\t\t\t\t\t\t\t<\/div>\n\t\t\t\t<div class=\"elementor-element elementor-element-ebfbf6c elementor-widget__width-initial elementor-widget elementor-widget-heading\" data-id=\"ebfbf6c\" data-element_type=\"widget\" data-e-type=\"widget\" data-widget_type=\"heading.default\">\n\t\t\t\t\t<h1 class=\"elementor-heading-title elementor-size-default\">Modo de uso<\/h1>\t\t\t\t<\/div>\n\t\t\t\t<div class=\"elementor-element elementor-element-c3dd860 elementor-widget elementor-widget-text-editor\" data-id=\"c3dd860\" data-element_type=\"widget\" data-e-type=\"widget\" data-widget_type=\"text-editor.default\">\n\t\t\t\t\t\t\t\t\t<p><strong>Aplicaci\u00f3n<\/strong><\/p><p>Para mejores resultados, aplicar en cejas y pesta\u00f1as ma\u00f1ana y noche.<\/p><p><strong>Pesta\u00f1as: <\/strong>Asegurar que est\u00e9n limpias y libres de maquillaje. Utilizar la punta del aplicador para deslizar el s\u00e9rum a lo largo de la l\u00ednea de las pesta\u00f1as.<\/p><p><strong>Cejas: <\/strong>Asegurar que est\u00e9n limpias y libres de maquillaje. Utilizar el cuerpo del cepillo aplicando en movimientos ascendentes y peinar para distribuir uniformemente.<\/p>\t\t\t\t\t\t\t\t<\/div>\n\t\t<div class=\"elementor-element elementor-element-e91dc4c e-con-full e-flex e-con e-child\" data-id=\"e91dc4c\" data-element_type=\"container\" data-e-type=\"container\" data-settings=\"{&quot;jet_parallax_layout_list&quot;:[]}\">\n\t\t\t\t<div class=\"elementor-element elementor-element-883353d elementor-widget elementor-widget-heading\" data-id=\"883353d\" data-element_type=\"widget\" data-e-type=\"widget\" data-widget_type=\"heading.default\">\n\t\t\t\t\t<h2 class=\"elementor-heading-title elementor-size-default\">Im\u00e1genes<\/h2>\t\t\t\t<\/div>\n\t\t\t\t<\/div>\n\t\t<div class=\"elementor-element elementor-element-074c52f e-con-full e-flex e-con e-child\" data-id=\"074c52f\" data-element_type=\"container\" data-e-type=\"container\" data-settings=\"{&quot;jet_parallax_layout_list&quot;:[]}\">\n\t\t\t\t<div class=\"elementor-element elementor-element-8a924e7 elementor-skin-carousel elementor-arrows-yes elementor-pagination-type-bullets elementor-pagination-position-outside elementor-widget elementor-widget-media-carousel\" data-id=\"8a924e7\" data-element_type=\"widget\" data-e-type=\"widget\" data-settings=\"{&quot;skin&quot;:&quot;carousel&quot;,&quot;effect&quot;:&quot;slide&quot;,&quot;show_arrows&quot;:&quot;yes&quot;,&quot;pagination&quot;:&quot;bullets&quot;,&quot;speed&quot;:500,&quot;space_between&quot;:{&quot;unit&quot;:&quot;px&quot;,&quot;size&quot;:10,&quot;sizes&quot;:[]},&quot;space_between_laptop&quot;:{&quot;unit&quot;:&quot;px&quot;,&quot;size&quot;:10,&quot;sizes&quot;:[]},&quot;space_between_tablet&quot;:{&quot;unit&quot;:&quot;px&quot;,&quot;size&quot;:10,&quot;sizes&quot;:[]},&quot;space_between_mobile&quot;:{&quot;unit&quot;:&quot;px&quot;,&quot;size&quot;:10,&quot;sizes&quot;:[]}}\" data-widget_type=\"media-carousel.default\">\n\t\t\t\t\t\t\t\t\t\t<div class=\"elementor-main-swiper swiper\" role=\"region\" aria-roledescription=\"carousel\" aria-label=\"Diapositivas\">\n\t\t\t\t<div class=\"swiper-wrapper\">\n\t\t\t\t\t\t\t\t\t\t\t<div class=\"swiper-slide\" role=\"group\" aria-roledescription=\"slide\">\n\t\t\t\t\t\t\t\t\t<div class=\"elementor-carousel-image\" role=\"img\" aria-label=\"CICA_Foto5\" style=\"background-image: url(&#039;https:\/\/prebel.com\/wp-content\/uploads\/2026\/01\/CICA_Foto5.jpg&#039;)\">\n\n\t\t\t\n\t\t\t\t\t<\/div>\n\t\t\t\t\t\t\t\t<\/div>\n\t\t\t\t\t\t\t\t\t\t\t<div class=\"swiper-slide\" role=\"group\" aria-roledescription=\"slide\">\n\t\t\t\t\t\t\t\t\t<div class=\"elementor-carousel-image\" role=\"img\" aria-label=\"Eye_lashes2\" style=\"background-image: url(&#039;https:\/\/prebel.com\/wp-content\/uploads\/2026\/01\/Eye_lashes2.jpg&#039;)\">\n\n\t\t\t\n\t\t\t\t\t<\/div>\n\t\t\t\t\t\t\t\t<\/div>\n\t\t\t\t\t\t\t\t\t\t\t<div class=\"swiper-slide\" role=\"group\" aria-roledescription=\"slide\">\n\t\t\t\t\t\t\t\t\t<div class=\"elementor-carousel-image\" role=\"img\" aria-label=\"CURCUMA_Product2\" style=\"background-image: url(&#039;https:\/\/prebel.com\/wp-content\/uploads\/2026\/01\/CURCUMA_Product2.jpg&#039;)\">\n\n\t\t\t\n\t\t\t\t\t<\/div>\n\t\t\t\t\t\t\t\t<\/div>\n\t\t\t\t\t\t\t\t\t\t\t<div class=\"swiper-slide\" role=\"group\" aria-roledescription=\"slide\">\n\t\t\t\t\t\t\t\t\t<div class=\"elementor-carousel-image\" role=\"img\" aria-label=\"EYE_Applicator\" style=\"background-image: url(&#039;https:\/\/prebel.com\/wp-content\/uploads\/2026\/01\/EYE_Applicator.jpg&#039;)\">\n\n\t\t\t\n\t\t\t\t\t<\/div>\n\t\t\t\t\t\t\t\t<\/div>\n\t\t\t\t\t\t\t\t\t<\/div>\n\t\t\t\t\t\t\t\t\t\t\t\t\t\t\t<div class=\"elementor-swiper-button elementor-swiper-button-prev\" role=\"button\" tabindex=\"0\" aria-label=\"Previous\">\n\t\t\t\t\t\t\t<svg aria-hidden=\"true\" class=\"e-font-icon-svg e-eicon-chevron-left\" viewBox=\"0 0 1000 1000\" xmlns=\"http:\/\/www.w3.org\/2000\/svg\"><path d=\"M646 125C629 125 613 133 604 142L308 442C296 454 292 471 292 487 292 504 296 521 308 533L604 854C617 867 629 875 646 875 663 875 679 871 692 858 704 846 713 829 713 812 713 796 708 779 692 767L438 487 692 225C700 217 708 204 708 187 708 171 704 154 692 142 675 129 663 125 646 125Z\"><\/path><\/svg>\t\t\t\t\t\t<\/div>\n\t\t\t\t\t\t<div class=\"elementor-swiper-button elementor-swiper-button-next\" role=\"button\" tabindex=\"0\" aria-label=\"Next\">\n\t\t\t\t\t\t\t<svg aria-hidden=\"true\" class=\"e-font-icon-svg e-eicon-chevron-right\" viewBox=\"0 0 1000 1000\" xmlns=\"http:\/\/www.w3.org\/2000\/svg\"><path d=\"M696 533C708 521 713 504 713 487 713 471 708 454 696 446L400 146C388 133 375 125 354 125 338 125 325 129 313 142 300 154 292 171 292 187 292 204 296 221 308 233L563 492 304 771C292 783 288 800 288 817 288 833 296 850 308 863 321 871 338 875 354 875 371 875 388 867 400 854L696 533Z\"><\/path><\/svg>\t\t\t\t\t\t<\/div>\n\t\t\t\t\t\t\t\t\t\t\t\t\t\t\t\t<div class=\"swiper-pagination\"><\/div>\n\t\t\t\t\t\t\t\t\t\t\t\t<\/div>\n\t\t\t\t\t\t\t\t<\/div>\n\t\t\t\t<\/div>\n\t\t\t\t\t<\/div>\n\t\t\t\t<\/div>\n\t\t<div class=\"elementor-element elementor-element-3c3b1cb e-con-full e-flex e-con e-child\" data-id=\"3c3b1cb\" data-element_type=\"container\" data-e-type=\"container\" data-settings=\"{&quot;jet_parallax_layout_list&quot;:[]}\">\n\t\t\t\t<div class=\"elementor-element elementor-element-1c889de elementor--h-position-center elementor--v-position-middle elementor-widget elementor-widget-slides\" data-id=\"1c889de\" data-element_type=\"widget\" data-e-type=\"widget\" data-settings=\"{&quot;navigation&quot;:&quot;none&quot;,&quot;transition&quot;:&quot;fade&quot;,&quot;transition_speed&quot;:700,&quot;autoplay&quot;:&quot;yes&quot;,&quot;pause_on_hover&quot;:&quot;yes&quot;,&quot;pause_on_interaction&quot;:&quot;yes&quot;,&quot;autoplay_speed&quot;:5000,&quot;infinite&quot;:&quot;yes&quot;}\" data-widget_type=\"slides.default\">\n\t\t\t\t\t\t\t\t\t\t<div class=\"elementor-slides-wrapper elementor-main-swiper swiper\" role=\"region\" aria-roledescription=\"carousel\" aria-label=\"Slider Principal\" dir=\"ltr\" data-animation=\"\">\n\t\t\t\t<div class=\"swiper-wrapper elementor-slides\">\n\t\t\t\t\t\t\t\t\t\t<div class=\"elementor-repeater-item-cb8c812 swiper-slide\" role=\"group\" aria-roledescription=\"slide\"><div class=\"swiper-slide-bg\" role=\"img\" aria-label=\"EYE_Banner_low\"><\/div><div class=\"swiper-slide-inner\" ><div class=\"swiper-slide-contents\"><\/div><\/div><\/div>\t\t\t\t<\/div>\n\t\t\t\t\t\t\t<\/div>\n\t\t\t\t\t\t\t\t<\/div>\n\t\t\t\t<\/div>\n\t\t\t\t<\/div>\n\t\t","protected":false},"excerpt":{"rendered":"","protected":false},"author":1,"featured_media":0,"parent":0,"menu_order":0,"comment_status":"closed","ping_status":"closed","template":"","meta":{"footnotes":""},"class_list":["post-10133","page","type-page","status-publish","hentry"],"aioseo_notices":[],"_links":{"self":[{"href":"https:\/\/prebel.com\/es\/wp-json\/wp\/v2\/pages\/10133","targetHints":{"allow":["GET"]}}],"collection":[{"href":"https:\/\/prebel.com\/es\/wp-json\/wp\/v2\/pages"}],"about":[{"href":"https:\/\/prebel.com\/es\/wp-json\/wp\/v2\/types\/page"}],"author":[{"embeddable":true,"href":"https:\/\/prebel.com\/es\/wp-json\/wp\/v2\/users\/1"}],"replies":[{"embeddable":true,"href":"https:\/\/prebel.com\/es\/wp-json\/wp\/v2\/comments?post=10133"}],"version-history":[{"count":193,"href":"https:\/\/prebel.com\/es\/wp-json\/wp\/v2\/pages\/10133\/revisions"}],"predecessor-version":[{"id":12175,"href":"https:\/\/prebel.com\/es\/wp-json\/wp\/v2\/pages\/10133\/revisions\/12175"}],"wp:attachment":[{"href":"https:\/\/prebel.com\/es\/wp-json\/wp\/v2\/media?parent=10133"}],"curies":[{"name":"wp","href":"https:\/\/api.w.org\/{rel}","templated":true}]}}