{"id":11789,"date":"2026-02-23T16:23:02","date_gmt":"2026-02-23T21:23:02","guid":{"rendered":"https:\/\/prebel.com\/?page_id=11789"},"modified":"2026-02-24T10:49:59","modified_gmt":"2026-02-24T15:49:59","slug":"resultados","status":"publish","type":"page","link":"https:\/\/prebel.com\/es\/resultados\/","title":{"rendered":"Resultados"},"content":{"rendered":"\t\t<div data-elementor-type=\"wp-page\" data-elementor-id=\"11789\" class=\"elementor elementor-11789\" data-elementor-post-type=\"page\">\n\t\t\t\t<div class=\"elementor-element elementor-element-9dca61b e-con-full e-flex e-con e-parent\" data-id=\"9dca61b\" data-element_type=\"container\" data-e-type=\"container\" data-settings=\"{&quot;background_background&quot;:&quot;classic&quot;,&quot;jet_parallax_layout_list&quot;:[]}\">\n\t\t\t\t<\/div>\n\t\t<div class=\"elementor-element elementor-element-45e18ab e-con-full e-flex e-con e-parent\" data-id=\"45e18ab\" data-element_type=\"container\" data-e-type=\"container\" data-settings=\"{&quot;background_background&quot;:&quot;classic&quot;,&quot;jet_parallax_layout_list&quot;:[]}\">\n\t\t<div class=\"elementor-element elementor-element-3b5f11b e-con-full e-flex e-con e-child\" data-id=\"3b5f11b\" data-element_type=\"container\" data-e-type=\"container\" data-settings=\"{&quot;jet_parallax_layout_list&quot;:[]}\">\n\t\t<div class=\"elementor-element elementor-element-9dedde9 e-con-full e-flex e-con e-child\" data-id=\"9dedde9\" data-element_type=\"container\" data-e-type=\"container\" data-settings=\"{&quot;jet_parallax_layout_list&quot;:[]}\">\n\t\t\t\t<div class=\"elementor-element elementor-element-43004ee elementor-widget elementor-widget-jet-listing-dynamic-field\" data-id=\"43004ee\" data-element_type=\"widget\" data-e-type=\"widget\" data-widget_type=\"jet-listing-dynamic-field.default\">\n\t\t\t\t\t<div class=\"jet-listing jet-listing-dynamic-field display-inline\"><div class=\"jet-listing-dynamic-field__inline-wrap\"><div class=\"jet-listing-dynamic-field__content\" >Resultados para: <\/div><\/div><\/div>\t\t\t\t<\/div>\n\t\t\t\t<div class=\"elementor-element elementor-element-441551d elementor-widget elementor-widget-heading\" data-id=\"441551d\" data-element_type=\"widget\" data-e-type=\"widget\" data-widget_type=\"heading.default\">\n\t\t\t\t\t<h2 class=\"elementor-heading-title elementor-size-default\"> (<span class=\"jet-engine-query-count query-3 count-type-total\" data-query=\"3\">4<\/span>)<\/h2>\t\t\t\t<\/div>\n\t\t\t\t<\/div>\n\t\t\t\t<div class=\"elementor-element elementor-element-3719dab elementor-widget elementor-widget-jet-listing-grid\" data-id=\"3719dab\" data-element_type=\"widget\" data-e-type=\"widget\" data-settings=\"{&quot;columns&quot;:&quot;2&quot;,&quot;columns_tablet&quot;:&quot;1&quot;}\" data-widget_type=\"jet-listing-grid.default\">\n\t\t\t\t\t<div class=\"jet-listing-grid jet-listing\"><div class=\"jet-listing-grid__items grid-col-desk-2 grid-col-tablet-1 grid-col-mobile-1 jet-listing-grid--11559\" data-queried-id=\"11789|WP_Post\" data-nav=\"{&quot;enabled&quot;:false,&quot;type&quot;:null,&quot;more_el&quot;:null,&quot;query&quot;:[],&quot;widget_settings&quot;:{&quot;lisitng_id&quot;:11559,&quot;posts_num&quot;:6,&quot;columns&quot;:2,&quot;columns_tablet&quot;:1,&quot;columns_mobile&quot;:1,&quot;column_min_width&quot;:240,&quot;column_min_width_tablet&quot;:240,&quot;column_min_width_mobile&quot;:240,&quot;inline_columns_css&quot;:false,&quot;is_archive_template&quot;:&quot;&quot;,&quot;post_status&quot;:[&quot;publish&quot;],&quot;use_random_posts_num&quot;:&quot;&quot;,&quot;max_posts_num&quot;:9,&quot;not_found_message&quot;:&quot;No se encontraron resultados.&quot;,&quot;is_masonry&quot;:false,&quot;equal_columns_height&quot;:&quot;&quot;,&quot;use_load_more&quot;:&quot;&quot;,&quot;load_more_id&quot;:&quot;&quot;,&quot;load_more_type&quot;:&quot;click&quot;,&quot;load_more_offset&quot;:null,&quot;use_custom_post_types&quot;:&quot;&quot;,&quot;custom_post_types&quot;:[],&quot;hide_widget_if&quot;:&quot;empty_query&quot;,&quot;carousel_enabled&quot;:&quot;&quot;,&quot;slides_to_scroll&quot;:&quot;1&quot;,&quot;arrows&quot;:&quot;true&quot;,&quot;arrow_icon&quot;:&quot;fa fa-angle-left&quot;,&quot;dots&quot;:&quot;&quot;,&quot;autoplay&quot;:&quot;true&quot;,&quot;pause_on_hover&quot;:&quot;true&quot;,&quot;autoplay_speed&quot;:5000,&quot;infinite&quot;:&quot;true&quot;,&quot;center_mode&quot;:&quot;&quot;,&quot;effect&quot;:&quot;slide&quot;,&quot;speed&quot;:500,&quot;inject_alternative_items&quot;:&quot;&quot;,&quot;injection_items&quot;:[],&quot;scroll_slider_enabled&quot;:&quot;&quot;,&quot;scroll_slider_on&quot;:[&quot;desktop&quot;,&quot;tablet&quot;,&quot;mobile&quot;],&quot;custom_query&quot;:&quot;yes&quot;,&quot;custom_query_id&quot;:&quot;3&quot;,&quot;_element_id&quot;:&quot;&quot;,&quot;collapse_first_last_gap&quot;:false,&quot;list_tag_selection&quot;:&quot;&quot;,&quot;list_items_wrapper_tag&quot;:&quot;div&quot;,&quot;list_item_tag&quot;:&quot;div&quot;,&quot;empty_items_wrapper_tag&quot;:&quot;div&quot;}}\" data-page=\"1\" data-pages=\"1\" data-listing-source=\"query\" data-listing-id=\"11559\" data-query-id=\"3\"><div class=\"jet-listing-grid__item jet-listing-dynamic-post-12187\" data-post-id=\"12187\"  ><style type=\"text\/css\">.jet-listing-dynamic-post-12187 .elementor-element.elementor-element-f1cc631:not(.elementor-motion-effects-element-type-background), .jet-listing-dynamic-post-12187 .elementor-element.elementor-element-f1cc631 > .elementor-motion-effects-container > .elementor-motion-effects-layer{background-image:url(\"https:\/\/prebel.com\/wp-content\/uploads\/2026\/02\/0326-blog-rol-i-d-desarollo-de-productos-innovadores-prebel.jpeg\");}<\/style>\t\t<div data-elementor-type=\"jet-listing-items\" data-elementor-id=\"11559\" class=\"elementor elementor-11559\" data-elementor-post-type=\"jet-engine\">\n\t\t\t\t<div class=\"elementor-element elementor-element-5242016 e-flex e-con-boxed e-con e-parent\" data-id=\"5242016\" data-element_type=\"container\" data-e-type=\"container\" data-settings=\"{&quot;jet_parallax_layout_list&quot;:[]}\">\n\t\t\t\t\t<div class=\"e-con-inner\">\n\t\t<a class=\"elementor-element elementor-element-f1cc631 e-con-full e-flex e-con e-child\" data-id=\"f1cc631\" data-element_type=\"container\" data-e-type=\"container\" data-settings=\"{&quot;background_background&quot;:&quot;classic&quot;,&quot;jet_parallax_layout_list&quot;:[]}\" href=\"https:\/\/prebel.com\/es\/blog\/2026\/03\/20\/el-rol-de-id-en-el-desarrollo-de-productos-innovadores-en-belleza-y-cuidado-personal\/\">\n\t\t\t\t<\/a>\n\t\t<div class=\"elementor-element elementor-element-c1421db e-con-full e-flex e-con e-child\" data-id=\"c1421db\" data-element_type=\"container\" data-e-type=\"container\" data-settings=\"{&quot;background_background&quot;:&quot;classic&quot;,&quot;jet_parallax_layout_list&quot;:[]}\">\n\t\t\t\t<div class=\"elementor-element elementor-element-b9c6742 elementor-widget elementor-widget-heading\" data-id=\"b9c6742\" data-element_type=\"widget\" data-e-type=\"widget\" data-widget_type=\"heading.default\">\n\t\t\t\t\t<h2 class=\"elementor-heading-title elementor-size-default\"><a href=\"https:\/\/prebel.com\/es\/blog\/2026\/03\/20\/el-rol-de-id-en-el-desarrollo-de-productos-innovadores-en-belleza-y-cuidado-personal\/\">El rol de I+D en productos innovadores de belleza y cuidado personal<\/a><\/h2>\t\t\t\t<\/div>\n\t\t<div class=\"elementor-element elementor-element-4f54d2d e-con-full e-flex e-con e-child\" data-id=\"4f54d2d\" data-element_type=\"container\" data-e-type=\"container\" data-settings=\"{&quot;jet_parallax_layout_list&quot;:[]}\">\n\t\t\t\t<div class=\"elementor-element elementor-element-ca9562c elementor-widget elementor-widget-jet-listing-dynamic-field\" data-id=\"ca9562c\" data-element_type=\"widget\" data-e-type=\"widget\" data-widget_type=\"jet-listing-dynamic-field.default\">\n\t\t\t\t\t<div class=\"jet-listing jet-listing-dynamic-field display-inline\"><div class=\"jet-listing-dynamic-field__inline-wrap\"><div class=\"jet-listing-dynamic-field__content\" >marzo 20, 2026<\/div><\/div><\/div>\t\t\t\t<\/div>\n\t\t\t\t<div class=\"elementor-element elementor-element-fcda6b5 elementor-widget elementor-widget-heading\" data-id=\"fcda6b5\" data-element_type=\"widget\" data-e-type=\"widget\" data-widget_type=\"heading.default\">\n\t\t\t\t\t<h2 class=\"elementor-heading-title elementor-size-default\">\u2022<\/h2>\t\t\t\t<\/div>\n\t\t\t\t<div class=\"elementor-element elementor-element-672d146 elementor-widget elementor-widget-jet-listing-dynamic-terms\" data-id=\"672d146\" data-element_type=\"widget\" data-e-type=\"widget\" data-widget_type=\"jet-listing-dynamic-terms.default\">\n\t\t\t\t<div class=\"elementor-widget-container\">\n\t\t\t\t\t<div class=\"jet-listing jet-listing-dynamic-terms\"><a href=\"https:\/\/prebel.com\/es\/blog\/category\/innovacion-y-desarrollo\/\" class=\"jet-listing-dynamic-terms__link\">Innovaci\u00f3n y Desarrollo<\/a><\/div>\t\t\t\t<\/div>\n\t\t\t\t<\/div>\n\t\t\t\t<\/div>\n\t\t\t\t<div class=\"elementor-element elementor-element-d613772 elementor-widget elementor-widget-jet-listing-dynamic-field\" data-id=\"d613772\" data-element_type=\"widget\" data-e-type=\"widget\" data-widget_type=\"jet-listing-dynamic-field.default\">\n\t\t\t\t\t<div class=\"jet-listing jet-listing-dynamic-field display-inline\"><div class=\"jet-listing-dynamic-field__inline-wrap\"><div class=\"jet-listing-dynamic-field__content\" >En la industria de belleza y cuidado personal, la innovaci\u00f3n no ocurre por casualidad. Detr\u00e1s de cada producto que logra destacar ...<\/div><\/div><\/div>\t\t\t\t<\/div>\n\t\t\t\t<div class=\"elementor-element elementor-element-0087102 elementor-widget elementor-widget-button\" data-id=\"0087102\" data-element_type=\"widget\" data-e-type=\"widget\" data-widget_type=\"button.default\">\n\t\t\t\t\t\t\t\t\t\t<a class=\"elementor-button elementor-button-link elementor-size-sm\" href=\"https:\/\/prebel.com\/es\/blog\/2026\/03\/20\/el-rol-de-id-en-el-desarrollo-de-productos-innovadores-en-belleza-y-cuidado-personal\/\">\n\t\t\t\t\t\t<span class=\"elementor-button-content-wrapper\">\n\t\t\t\t\t\t\t\t\t<span class=\"elementor-button-text\">Ver m\u00e1s &gt;<\/span>\n\t\t\t\t\t<\/span>\n\t\t\t\t\t<\/a>\n\t\t\t\t\t\t\t\t<\/div>\n\t\t\t\t<\/div>\n\t\t\t\t\t<\/div>\n\t\t\t\t<\/div>\n\t\t\t\t<\/div>\n\t\t<\/div><div class=\"jet-listing-grid__item jet-listing-dynamic-post-12185\" data-post-id=\"12185\"  ><style type=\"text\/css\">.jet-listing-dynamic-post-12185 .elementor-element.elementor-element-f1cc631:not(.elementor-motion-effects-element-type-background), .jet-listing-dynamic-post-12185 .elementor-element.elementor-element-f1cc631 > .elementor-motion-effects-container > .elementor-motion-effects-layer{background-image:url(\"https:\/\/prebel.com\/wp-content\/uploads\/2026\/02\/0326-blog-fabricante-turnkey-prebel.jpg\");}<\/style>\t\t<div data-elementor-type=\"jet-listing-items\" data-elementor-id=\"11559\" class=\"elementor elementor-11559\" data-elementor-post-type=\"jet-engine\">\n\t\t\t\t<div class=\"elementor-element elementor-element-5242016 e-flex e-con-boxed e-con e-parent\" data-id=\"5242016\" data-element_type=\"container\" data-e-type=\"container\" data-settings=\"{&quot;jet_parallax_layout_list&quot;:[]}\">\n\t\t\t\t\t<div class=\"e-con-inner\">\n\t\t<a class=\"elementor-element elementor-element-f1cc631 e-con-full e-flex e-con e-child\" data-id=\"f1cc631\" data-element_type=\"container\" data-e-type=\"container\" data-settings=\"{&quot;background_background&quot;:&quot;classic&quot;,&quot;jet_parallax_layout_list&quot;:[]}\" href=\"https:\/\/prebel.com\/es\/blog\/2026\/03\/20\/fabricante-turnkey-belleza-cuidado-personal\/\">\n\t\t\t\t<\/a>\n\t\t<div class=\"elementor-element elementor-element-c1421db e-con-full e-flex e-con e-child\" data-id=\"c1421db\" data-element_type=\"container\" data-e-type=\"container\" data-settings=\"{&quot;background_background&quot;:&quot;classic&quot;,&quot;jet_parallax_layout_list&quot;:[]}\">\n\t\t\t\t<div class=\"elementor-element elementor-element-b9c6742 elementor-widget elementor-widget-heading\" data-id=\"b9c6742\" data-element_type=\"widget\" data-e-type=\"widget\" data-widget_type=\"heading.default\">\n\t\t\t\t\t<h2 class=\"elementor-heading-title elementor-size-default\"><a href=\"https:\/\/prebel.com\/es\/blog\/2026\/03\/20\/fabricante-turnkey-belleza-cuidado-personal\/\">\u00bfQu\u00e9 es un fabricante turnkey en belleza y cuidado personal?<\/a><\/h2>\t\t\t\t<\/div>\n\t\t<div class=\"elementor-element elementor-element-4f54d2d e-con-full e-flex e-con e-child\" data-id=\"4f54d2d\" data-element_type=\"container\" data-e-type=\"container\" data-settings=\"{&quot;jet_parallax_layout_list&quot;:[]}\">\n\t\t\t\t<div class=\"elementor-element elementor-element-ca9562c elementor-widget elementor-widget-jet-listing-dynamic-field\" data-id=\"ca9562c\" data-element_type=\"widget\" data-e-type=\"widget\" data-widget_type=\"jet-listing-dynamic-field.default\">\n\t\t\t\t\t<div class=\"jet-listing jet-listing-dynamic-field display-inline\"><div class=\"jet-listing-dynamic-field__inline-wrap\"><div class=\"jet-listing-dynamic-field__content\" >marzo 20, 2026<\/div><\/div><\/div>\t\t\t\t<\/div>\n\t\t\t\t<div class=\"elementor-element elementor-element-fcda6b5 elementor-widget elementor-widget-heading\" data-id=\"fcda6b5\" data-element_type=\"widget\" data-e-type=\"widget\" data-widget_type=\"heading.default\">\n\t\t\t\t\t<h2 class=\"elementor-heading-title elementor-size-default\">\u2022<\/h2>\t\t\t\t<\/div>\n\t\t\t\t<div class=\"elementor-element elementor-element-672d146 elementor-widget elementor-widget-jet-listing-dynamic-terms\" data-id=\"672d146\" data-element_type=\"widget\" data-e-type=\"widget\" data-widget_type=\"jet-listing-dynamic-terms.default\">\n\t\t\t\t<div class=\"elementor-widget-container\">\n\t\t\t\t\t<div class=\"jet-listing jet-listing-dynamic-terms\"><a href=\"https:\/\/prebel.com\/es\/blog\/category\/soluciones\/\" class=\"jet-listing-dynamic-terms__link\">Soluciones<\/a><\/div>\t\t\t\t<\/div>\n\t\t\t\t<\/div>\n\t\t\t\t<\/div>\n\t\t\t\t<div class=\"elementor-element elementor-element-d613772 elementor-widget elementor-widget-jet-listing-dynamic-field\" data-id=\"d613772\" data-element_type=\"widget\" data-e-type=\"widget\" data-widget_type=\"jet-listing-dynamic-field.default\">\n\t\t\t\t\t<div class=\"jet-listing jet-listing-dynamic-field display-inline\"><div class=\"jet-listing-dynamic-field__inline-wrap\"><div class=\"jet-listing-dynamic-field__content\" >En la industria de belleza y cuidado personal, el t\u00e9rmino\u00a0turnkey\u00a0aparece cada vez m\u00e1s. Pero m\u00e1s all\u00e1 de ser una palabra de negoci...<\/div><\/div><\/div>\t\t\t\t<\/div>\n\t\t\t\t<div class=\"elementor-element elementor-element-0087102 elementor-widget elementor-widget-button\" data-id=\"0087102\" data-element_type=\"widget\" data-e-type=\"widget\" data-widget_type=\"button.default\">\n\t\t\t\t\t\t\t\t\t\t<a class=\"elementor-button elementor-button-link elementor-size-sm\" href=\"https:\/\/prebel.com\/es\/blog\/2026\/03\/20\/fabricante-turnkey-belleza-cuidado-personal\/\">\n\t\t\t\t\t\t<span class=\"elementor-button-content-wrapper\">\n\t\t\t\t\t\t\t\t\t<span class=\"elementor-button-text\">Ver m\u00e1s &gt;<\/span>\n\t\t\t\t\t<\/span>\n\t\t\t\t\t<\/a>\n\t\t\t\t\t\t\t\t<\/div>\n\t\t\t\t<\/div>\n\t\t\t\t\t<\/div>\n\t\t\t\t<\/div>\n\t\t\t\t<\/div>\n\t\t<\/div><div class=\"jet-listing-grid__item jet-listing-dynamic-post-11734\" data-post-id=\"11734\"  ><style type=\"text\/css\">.jet-listing-dynamic-post-11734 .elementor-element.elementor-element-f1cc631:not(.elementor-motion-effects-element-type-background), .jet-listing-dynamic-post-11734 .elementor-element.elementor-element-f1cc631 > .elementor-motion-effects-container > .elementor-motion-effects-layer{background-image:url(\"https:\/\/prebel.com\/wp-content\/uploads\/2025\/12\/EXORAVE_cica-banner2.jpg\");}<\/style>\t\t<div data-elementor-type=\"jet-listing-items\" data-elementor-id=\"11559\" class=\"elementor elementor-11559\" data-elementor-post-type=\"jet-engine\">\n\t\t\t\t<div class=\"elementor-element elementor-element-5242016 e-flex e-con-boxed e-con e-parent\" data-id=\"5242016\" data-element_type=\"container\" data-e-type=\"container\" data-settings=\"{&quot;jet_parallax_layout_list&quot;:[]}\">\n\t\t\t\t\t<div class=\"e-con-inner\">\n\t\t<a class=\"elementor-element elementor-element-f1cc631 e-con-full e-flex e-con e-child\" data-id=\"f1cc631\" data-element_type=\"container\" data-e-type=\"container\" data-settings=\"{&quot;background_background&quot;:&quot;classic&quot;,&quot;jet_parallax_layout_list&quot;:[]}\" href=\"https:\/\/prebel.com\/es\/blog\/2026\/02\/23\/exosomas-funcionalizados-exorevage-la-biotecnologia-que-impulsa-la-belleza-del-futuro\/\">\n\t\t\t\t<\/a>\n\t\t<div class=\"elementor-element elementor-element-c1421db e-con-full e-flex e-con e-child\" data-id=\"c1421db\" data-element_type=\"container\" data-e-type=\"container\" data-settings=\"{&quot;background_background&quot;:&quot;classic&quot;,&quot;jet_parallax_layout_list&quot;:[]}\">\n\t\t\t\t<div class=\"elementor-element elementor-element-b9c6742 elementor-widget elementor-widget-heading\" data-id=\"b9c6742\" data-element_type=\"widget\" data-e-type=\"widget\" data-widget_type=\"heading.default\">\n\t\t\t\t\t<h2 class=\"elementor-heading-title elementor-size-default\"><a href=\"https:\/\/prebel.com\/es\/blog\/2026\/02\/23\/exosomas-funcionalizados-exorevage-la-biotecnologia-que-impulsa-la-belleza-del-futuro\/\">Exosomas funcionalizados EXOREVAGE<sup>\u00ae<\/sup>: biotecnolog\u00eda e innovaci\u00f3n para la belleza<\/a><\/h2>\t\t\t\t<\/div>\n\t\t<div class=\"elementor-element elementor-element-4f54d2d e-con-full e-flex e-con e-child\" data-id=\"4f54d2d\" data-element_type=\"container\" data-e-type=\"container\" data-settings=\"{&quot;jet_parallax_layout_list&quot;:[]}\">\n\t\t\t\t<div class=\"elementor-element elementor-element-ca9562c elementor-widget elementor-widget-jet-listing-dynamic-field\" data-id=\"ca9562c\" data-element_type=\"widget\" data-e-type=\"widget\" data-widget_type=\"jet-listing-dynamic-field.default\">\n\t\t\t\t\t<div class=\"jet-listing jet-listing-dynamic-field display-inline\"><div class=\"jet-listing-dynamic-field__inline-wrap\"><div class=\"jet-listing-dynamic-field__content\" >febrero 23, 2026<\/div><\/div><\/div>\t\t\t\t<\/div>\n\t\t\t\t<div class=\"elementor-element elementor-element-fcda6b5 elementor-widget elementor-widget-heading\" data-id=\"fcda6b5\" data-element_type=\"widget\" data-e-type=\"widget\" data-widget_type=\"heading.default\">\n\t\t\t\t\t<h2 class=\"elementor-heading-title elementor-size-default\">\u2022<\/h2>\t\t\t\t<\/div>\n\t\t\t\t<div class=\"elementor-element elementor-element-672d146 elementor-widget elementor-widget-jet-listing-dynamic-terms\" data-id=\"672d146\" data-element_type=\"widget\" data-e-type=\"widget\" data-widget_type=\"jet-listing-dynamic-terms.default\">\n\t\t\t\t<div class=\"elementor-widget-container\">\n\t\t\t\t\t<div class=\"jet-listing jet-listing-dynamic-terms\"><a href=\"https:\/\/prebel.com\/es\/blog\/category\/innovacion-y-desarrollo\/\" class=\"jet-listing-dynamic-terms__link\">Innovaci\u00f3n y Desarrollo<\/a><\/div>\t\t\t\t<\/div>\n\t\t\t\t<\/div>\n\t\t\t\t<\/div>\n\t\t\t\t<div class=\"elementor-element elementor-element-d613772 elementor-widget elementor-widget-jet-listing-dynamic-field\" data-id=\"d613772\" data-element_type=\"widget\" data-e-type=\"widget\" data-widget_type=\"jet-listing-dynamic-field.default\">\n\t\t\t\t\t<div class=\"jet-listing jet-listing-dynamic-field display-inline\"><div class=\"jet-listing-dynamic-field__inline-wrap\"><div class=\"jet-listing-dynamic-field__content\" >En el mundo del cuidado de la piel y el cabello, la innovaci\u00f3n est\u00e1 redefiniendo lo que significa \u201cactividad biol\u00f3gica real\u201d. Los ...<\/div><\/div><\/div>\t\t\t\t<\/div>\n\t\t\t\t<div class=\"elementor-element elementor-element-0087102 elementor-widget elementor-widget-button\" data-id=\"0087102\" data-element_type=\"widget\" data-e-type=\"widget\" data-widget_type=\"button.default\">\n\t\t\t\t\t\t\t\t\t\t<a class=\"elementor-button elementor-button-link elementor-size-sm\" href=\"https:\/\/prebel.com\/es\/blog\/2026\/02\/23\/exosomas-funcionalizados-exorevage-la-biotecnologia-que-impulsa-la-belleza-del-futuro\/\">\n\t\t\t\t\t\t<span class=\"elementor-button-content-wrapper\">\n\t\t\t\t\t\t\t\t\t<span class=\"elementor-button-text\">Ver m\u00e1s &gt;<\/span>\n\t\t\t\t\t<\/span>\n\t\t\t\t\t<\/a>\n\t\t\t\t\t\t\t\t<\/div>\n\t\t\t\t<\/div>\n\t\t\t\t\t<\/div>\n\t\t\t\t<\/div>\n\t\t\t\t<\/div>\n\t\t<\/div><div class=\"jet-listing-grid__item jet-listing-dynamic-post-12044\" data-post-id=\"12044\"  ><style type=\"text\/css\">.jet-listing-dynamic-post-12044 .elementor-element.elementor-element-f1cc631:not(.elementor-motion-effects-element-type-background), .jet-listing-dynamic-post-12044 .elementor-element.elementor-element-f1cc631 > .elementor-motion-effects-container > .elementor-motion-effects-layer{background-image:url(\"https:\/\/prebel.com\/wp-content\/uploads\/2025\/07\/PREBEL_nosotros-Team_Banner.jpg\");}<\/style>\t\t<div data-elementor-type=\"jet-listing-items\" data-elementor-id=\"11559\" class=\"elementor elementor-11559\" data-elementor-post-type=\"jet-engine\">\n\t\t\t\t<div class=\"elementor-element elementor-element-5242016 e-flex e-con-boxed e-con e-parent\" data-id=\"5242016\" data-element_type=\"container\" data-e-type=\"container\" data-settings=\"{&quot;jet_parallax_layout_list&quot;:[]}\">\n\t\t\t\t\t<div class=\"e-con-inner\">\n\t\t<a class=\"elementor-element elementor-element-f1cc631 e-con-full e-flex e-con e-child\" data-id=\"f1cc631\" data-element_type=\"container\" data-e-type=\"container\" data-settings=\"{&quot;background_background&quot;:&quot;classic&quot;,&quot;jet_parallax_layout_list&quot;:[]}\" href=\"https:\/\/prebel.com\/es\/blog\/2026\/02\/20\/prebel-mas-que-un-fabricante-tu-partner-estrategico-en-belleza\/\">\n\t\t\t\t<\/a>\n\t\t<div class=\"elementor-element elementor-element-c1421db e-con-full e-flex e-con e-child\" data-id=\"c1421db\" data-element_type=\"container\" data-e-type=\"container\" data-settings=\"{&quot;background_background&quot;:&quot;classic&quot;,&quot;jet_parallax_layout_list&quot;:[]}\">\n\t\t\t\t<div class=\"elementor-element elementor-element-b9c6742 elementor-widget elementor-widget-heading\" data-id=\"b9c6742\" data-element_type=\"widget\" data-e-type=\"widget\" data-widget_type=\"heading.default\">\n\t\t\t\t\t<h2 class=\"elementor-heading-title elementor-size-default\"><a href=\"https:\/\/prebel.com\/es\/blog\/2026\/02\/20\/prebel-mas-que-un-fabricante-tu-partner-estrategico-en-belleza\/\">Prebel: tu partner estrat\u00e9gico para desarrollar productos de belleza<\/a><\/h2>\t\t\t\t<\/div>\n\t\t<div class=\"elementor-element elementor-element-4f54d2d e-con-full e-flex e-con e-child\" data-id=\"4f54d2d\" data-element_type=\"container\" data-e-type=\"container\" data-settings=\"{&quot;jet_parallax_layout_list&quot;:[]}\">\n\t\t\t\t<div class=\"elementor-element elementor-element-ca9562c elementor-widget elementor-widget-jet-listing-dynamic-field\" data-id=\"ca9562c\" data-element_type=\"widget\" data-e-type=\"widget\" data-widget_type=\"jet-listing-dynamic-field.default\">\n\t\t\t\t\t<div class=\"jet-listing jet-listing-dynamic-field display-inline\"><div class=\"jet-listing-dynamic-field__inline-wrap\"><div class=\"jet-listing-dynamic-field__content\" >febrero 20, 2026<\/div><\/div><\/div>\t\t\t\t<\/div>\n\t\t\t\t<div class=\"elementor-element elementor-element-fcda6b5 elementor-widget elementor-widget-heading\" data-id=\"fcda6b5\" data-element_type=\"widget\" data-e-type=\"widget\" data-widget_type=\"heading.default\">\n\t\t\t\t\t<h2 class=\"elementor-heading-title elementor-size-default\">\u2022<\/h2>\t\t\t\t<\/div>\n\t\t\t\t<div class=\"elementor-element elementor-element-672d146 elementor-widget elementor-widget-jet-listing-dynamic-terms\" data-id=\"672d146\" data-element_type=\"widget\" data-e-type=\"widget\" data-widget_type=\"jet-listing-dynamic-terms.default\">\n\t\t\t\t<div class=\"elementor-widget-container\">\n\t\t\t\t\t<div class=\"jet-listing jet-listing-dynamic-terms\"><a href=\"https:\/\/prebel.com\/es\/blog\/category\/prebel\/\" class=\"jet-listing-dynamic-terms__link\">Prebel<\/a><\/div>\t\t\t\t<\/div>\n\t\t\t\t<\/div>\n\t\t\t\t<\/div>\n\t\t\t\t<div class=\"elementor-element elementor-element-d613772 elementor-widget elementor-widget-jet-listing-dynamic-field\" data-id=\"d613772\" data-element_type=\"widget\" data-e-type=\"widget\" data-widget_type=\"jet-listing-dynamic-field.default\">\n\t\t\t\t\t<div class=\"jet-listing jet-listing-dynamic-field display-inline\"><div class=\"jet-listing-dynamic-field__inline-wrap\"><div class=\"jet-listing-dynamic-field__content\" >La industria de la belleza no se detiene. Evoluciona, se reinventa y exige cada vez m\u00e1s velocidad, innovaci\u00f3n y responsabilidad.\nP...<\/div><\/div><\/div>\t\t\t\t<\/div>\n\t\t\t\t<div class=\"elementor-element elementor-element-0087102 elementor-widget elementor-widget-button\" data-id=\"0087102\" data-element_type=\"widget\" data-e-type=\"widget\" data-widget_type=\"button.default\">\n\t\t\t\t\t\t\t\t\t\t<a class=\"elementor-button elementor-button-link elementor-size-sm\" href=\"https:\/\/prebel.com\/es\/blog\/2026\/02\/20\/prebel-mas-que-un-fabricante-tu-partner-estrategico-en-belleza\/\">\n\t\t\t\t\t\t<span class=\"elementor-button-content-wrapper\">\n\t\t\t\t\t\t\t\t\t<span class=\"elementor-button-text\">Ver m\u00e1s &gt;<\/span>\n\t\t\t\t\t<\/span>\n\t\t\t\t\t<\/a>\n\t\t\t\t\t\t\t\t<\/div>\n\t\t\t\t<\/div>\n\t\t\t\t\t<\/div>\n\t\t\t\t<\/div>\n\t\t\t\t<\/div>\n\t\t<\/div><\/div><\/div>\t\t\t\t<\/div>\n\t\t\t\t<\/div>\n\t\t\t\t<\/div>\n\t\t\t\t<\/div>\n\t\t","protected":false},"excerpt":{"rendered":"<p>Resultados para: febrero 23, 2026 Innovaci\u00f3n y Desarrollo En el mundo del cuidado de la piel y el cabello, la innovaci\u00f3n est\u00e1 redefiniendo lo que significa \u201cactividad biol\u00f3gica real\u201d. Los &#8230; Ver m\u00e1s &gt;<\/p>\n","protected":false},"author":5,"featured_media":0,"parent":0,"menu_order":0,"comment_status":"closed","ping_status":"closed","template":"elementor_header_footer","meta":{"footnotes":""},"class_list":["post-11789","page","type-page","status-publish","hentry"],"aioseo_notices":[],"_links":{"self":[{"href":"https:\/\/prebel.com\/es\/wp-json\/wp\/v2\/pages\/11789","targetHints":{"allow":["GET"]}}],"collection":[{"href":"https:\/\/prebel.com\/es\/wp-json\/wp\/v2\/pages"}],"about":[{"href":"https:\/\/prebel.com\/es\/wp-json\/wp\/v2\/types\/page"}],"author":[{"embeddable":true,"href":"https:\/\/prebel.com\/es\/wp-json\/wp\/v2\/users\/5"}],"replies":[{"embeddable":true,"href":"https:\/\/prebel.com\/es\/wp-json\/wp\/v2\/comments?post=11789"}],"version-history":[{"count":46,"href":"https:\/\/prebel.com\/es\/wp-json\/wp\/v2\/pages\/11789\/revisions"}],"predecessor-version":[{"id":11935,"href":"https:\/\/prebel.com\/es\/wp-json\/wp\/v2\/pages\/11789\/revisions\/11935"}],"wp:attachment":[{"href":"https:\/\/prebel.com\/es\/wp-json\/wp\/v2\/media?parent=11789"}],"curies":[{"name":"wp","href":"https:\/\/api.w.org\/{rel}","templated":true}]}}